{"id":194,"date":"2025-07-24T20:39:13","date_gmt":"2025-07-24T20:39:13","guid":{"rendered":"https:\/\/driftwood-cyprus.com\/?page_id=194"},"modified":"2026-03-30T18:31:14","modified_gmt":"2026-03-30T18:31:14","slug":"kahvalti","status":"publish","type":"page","link":"https:\/\/driftwood-cyprus.com\/tr\/menu\/kahvalti\/","title":{"rendered":"Kahvalt\u0131 Men\u00fcs\u00fc"},"content":{"rendered":"<div class=\"wpb-content-wrapper\"><div class=\"vc_row wpb_row vc_row-fluid\"><div class=\"wpb_column vc_column_container vc_col-sm-12\"><div class=\"vc_column-inner\"><div class=\"wpb_wrapper\">\n\t<div class=\"wpb_text_column wpb_content_element\" >\n\t\t<div class=\"wpb_wrapper\">\n\t\t\t<p>Tad\u0131n\u0131 \u00e7\u0131kar\u0131n<strong> geleneksel T\u00fcrk<\/strong> veya <strong>\u0130ngiliz kahvalt\u0131s\u0131<\/strong>veya daha hafif bir at\u0131\u015ft\u0131rmal\u0131k se\u00e7ene\u011fiyle <strong>s\u0131cak i\u00e7ecekler<\/strong>, meyve sular\u0131 ve a\u011f\u0131z suland\u0131ran <strong>smoothieler<\/strong>.<\/p>\n\n\t\t<\/div>\n\t<\/div>\n<\/div><\/div><\/div><\/div><div class=\"vc_row wpb_row vc_row-fluid\"><div class=\"wpb_column vc_column_container vc_col-sm-12\"><div class=\"vc_column-inner\"><div class=\"wpb_wrapper\"><div class=\"vc_tta-container\" data-vc-action=\"collapseAll\"><div class=\"vc_general vc_tta vc_tta-accordion vc_tta-color-white vc_tta-style-flat vc_tta-shape-square vc_tta-o-shape-group vc_tta-gap-20 vc_tta-controls-align-center vc_tta-o-all-clickable\"><div class=\"vc_tta-panels-container\"><div class=\"vc_tta-panels\"><div class=\"vc_tta-panel\" id=\"breakfast_food\" data-vc-content=\".vc_tta-panel-body\"><div class=\"vc_tta-panel-heading\"><h4 class=\"vc_tta-panel-title vc_tta-controls-icon-position-left\"><a href=\"#breakfast_food\" data-vc-accordion data-vc-container=\".vc_tta-container\"><span class=\"vc_tta-title-text\">Kahvalt\u0131 Men\u00fcs\u00fc \u2013 Yiyecek<\/span><i class=\"vc_tta-controls-icon vc_tta-controls-icon-plus\"><\/i><\/a><\/h4><\/div><div class=\"vc_tta-panel-body\">\n\t<div class=\"wpb_text_column wpb_content_element\" >\n\t\t<div class=\"wpb_wrapper\">\n\t\t\t<p>\n<strong>\u0130ngiliz Kahvalt\u0131s\u0131 (Tek Ki\u015filik)<\/strong><br \/>\nK\u0131zarm\u0131\u015f Yumurta, Past\u0131rmal\u0131 Past\u0131rma, Sosis K\u00f6ftesi, Patates K\u0131zartmas\u0131, Domates ve F\u0131r\u0131nda Pi\u015fmi\u015f Fasulye. Tostla Servis Edilir<\/p>\n\n\t\t<\/div>\n\t<\/div>\n<div class=\"vc_separator wpb_content_element vc_separator_align_center vc_sep_width_80 vc_sep_pos_align_left vc_separator_no_text vc_sep_color_grey wpb_content_element  wpb_content_element\" ><span class=\"vc_sep_holder vc_sep_holder_l\"><span class=\"vc_sep_line\"><\/span><\/span><span class=\"vc_sep_holder vc_sep_holder_r\"><span class=\"vc_sep_line\"><\/span><\/span>\n<\/div>\n\t<div class=\"wpb_text_column wpb_content_element\" >\n\t\t<div class=\"wpb_wrapper\">\n\t\t\t<p>\n<strong>\u0130ngiliz Kahvalt\u0131s\u0131 (\u00c7ift Ki\u015filik)<\/strong><br \/>\n2 Sahanda Yumurta, Past\u0131rma Dilimleri, Sosis K\u00f6ftesi, Patates K\u0131zartmas\u0131, Domates ve F\u0131r\u0131nda Pi\u015fmi\u015f Fasulye. Tostla Servis Edilir<\/p>\n\n\t\t<\/div>\n\t<\/div>\n<div class=\"vc_separator wpb_content_element vc_separator_align_center vc_sep_width_80 vc_sep_pos_align_left vc_separator_no_text vc_sep_color_grey wpb_content_element  wpb_content_element\" ><span class=\"vc_sep_holder vc_sep_holder_l\"><span class=\"vc_sep_line\"><\/span><\/span><span class=\"vc_sep_holder vc_sep_holder_r\"><span class=\"vc_sep_line\"><\/span><\/span>\n<\/div>\n\t<div class=\"wpb_text_column wpb_content_element\" >\n\t\t<div class=\"wpb_wrapper\">\n\t\t\t<p>\n<strong>F\u00fcme Somon ve \u00c7\u0131rp\u0131lm\u0131\u015f Yumurta<\/strong><br \/>\nTost \u00fczerine servis edilir ve taze dereotu ile s\u00fcslenir<\/p>\n\n\t\t<\/div>\n\t<\/div>\n<div class=\"vc_separator wpb_content_element vc_separator_align_center vc_sep_width_80 vc_sep_pos_align_left vc_separator_no_text vc_sep_color_grey wpb_content_element  wpb_content_element\" ><span class=\"vc_sep_holder vc_sep_holder_l\"><span class=\"vc_sep_line\"><\/span><\/span><span class=\"vc_sep_holder vc_sep_holder_r\"><span class=\"vc_sep_line\"><\/span><\/span>\n<\/div>\n\t<div class=\"wpb_text_column wpb_content_element\" >\n\t\t<div class=\"wpb_wrapper\">\n\t\t\t<p>\n<strong>Past\u0131rmal\u0131 ve Yumurtal\u0131 Torpedo Sandvi\u00e7<\/strong><br \/>\nPatates k\u0131zartmas\u0131 porsiyonuyla servis edilir<\/p>\n\n\t\t<\/div>\n\t<\/div>\n<div class=\"vc_separator wpb_content_element vc_separator_align_center vc_sep_width_80 vc_sep_pos_align_left vc_separator_no_text vc_sep_color_grey wpb_content_element  wpb_content_element\" ><span class=\"vc_sep_holder vc_sep_holder_l\"><span class=\"vc_sep_line\"><\/span><\/span><span class=\"vc_sep_holder vc_sep_holder_r\"><span class=\"vc_sep_line\"><\/span><\/span>\n<\/div>\n\t<div class=\"wpb_text_column wpb_content_element\" >\n\t\t<div class=\"wpb_wrapper\">\n\t\t\t<p><strong>Spinach &amp; Eggs<\/strong><br \/>\nFried Eggs on a bed of Sauteed Spinach &amp; Onions<\/p>\n\n\t\t<\/div>\n\t<\/div>\n<div class=\"vc_separator wpb_content_element vc_separator_align_center vc_sep_width_80 vc_sep_pos_align_left vc_separator_no_text vc_sep_color_grey wpb_content_element  wpb_content_element\" ><span class=\"vc_sep_holder vc_sep_holder_l\"><span class=\"vc_sep_line\"><\/span><\/span><span class=\"vc_sep_holder vc_sep_holder_r\"><span class=\"vc_sep_line\"><\/span><\/span>\n<\/div>\n\t<div class=\"wpb_text_column wpb_content_element\" >\n\t\t<div class=\"wpb_wrapper\">\n\t\t\t<p>\n<strong>Mevsimlik Kar\u0131\u015f\u0131k Taze Meyve ve M\u00fcsli<\/strong><br \/>\nS\u00fczme yo\u011furt ile servis edilir ve \u00fczerine bal gezdirilir<\/p>\n\n\t\t<\/div>\n\t<\/div>\n<div class=\"vc_separator wpb_content_element vc_separator_align_center vc_sep_width_80 vc_sep_pos_align_left vc_separator_no_text vc_sep_color_grey wpb_content_element  wpb_content_element\" ><span class=\"vc_sep_holder vc_sep_holder_l\"><span class=\"vc_sep_line\"><\/span><\/span><span class=\"vc_sep_holder vc_sep_holder_r\"><span class=\"vc_sep_line\"><\/span><\/span>\n<\/div>\n\t<div class=\"wpb_text_column wpb_content_element\" >\n\t\t<div class=\"wpb_wrapper\">\n\t\t\t<p><strong>Kahvalt\u0131 Men\u00fcs\u00fc<\/strong><br \/>\nDomates, So\u011fan, Yumurta ve Biber<\/p>\n\n\t\t<\/div>\n\t<\/div>\n<div class=\"vc_separator wpb_content_element vc_separator_align_center vc_sep_width_80 vc_sep_pos_align_left vc_separator_no_text vc_sep_color_grey wpb_content_element  wpb_content_element\" ><span class=\"vc_sep_holder vc_sep_holder_l\"><span class=\"vc_sep_line\"><\/span><\/span><span class=\"vc_sep_holder vc_sep_holder_r\"><span class=\"vc_sep_line\"><\/span><\/span>\n<\/div>\n\t<div class=\"wpb_text_column wpb_content_element\" >\n\t\t<div class=\"wpb_wrapper\">\n\t\t\t<p><strong>Serpme Kahvalt\u0131<\/strong><br \/>\n<em>Minumum 2 Ki\u015filiktir<\/em><br \/>\nTomatoes, Cucumber, Hellim &amp; Van Otlu Speciality Cheese &amp; Olives. Cheese Filled Filo Pastry. Muhlama, Menemen style eggs &amp; Chips. Assorted Jams (Strawberry, Apricot, Cherry, Honey). Served with toasted bread. Turkish tea or coffee included.<\/p>\n\n\t\t<\/div>\n\t<\/div>\n<div class=\"vc_separator wpb_content_element vc_separator_align_center vc_sep_width_80 vc_sep_pos_align_left vc_separator_no_text vc_sep_color_grey wpb_content_element  wpb_content_element\" ><span class=\"vc_sep_holder vc_sep_holder_l\"><span class=\"vc_sep_line\"><\/span><\/span><span class=\"vc_sep_holder vc_sep_holder_r\"><span class=\"vc_sep_line\"><\/span><\/span>\n<\/div>\n\t<div class=\"wpb_text_column wpb_content_element\" >\n\t\t<div class=\"wpb_wrapper\">\n\t\t\t<p><strong>Kahvalt\u0131 Taba\u011f\u0131<\/strong><br \/>\nDomates, Salatal\u0131k, Ye\u015fillik. Hellim, Beyaz Peynir, Zeytin, \u00c7ilek, Vi\u015fne, Kay\u0131s\u0131, Bal. Sigara B\u00f6rek. G\u00f6z yurmurta ve Chips, Turk kahvesi ve \u00c7ay ikram.<\/p>\n\n\t\t<\/div>\n\t<\/div>\n<div class=\"vc_separator wpb_content_element vc_separator_align_center vc_sep_width_80 vc_sep_pos_align_left vc_separator_no_text vc_sep_color_grey wpb_content_element  wpb_content_element\" ><span class=\"vc_sep_holder vc_sep_holder_l\"><span class=\"vc_sep_line\"><\/span><\/span><span class=\"vc_sep_holder vc_sep_holder_r\"><span class=\"vc_sep_line\"><\/span><\/span>\n<\/div><\/div><\/div><div class=\"vc_tta-panel\" id=\"breakfast_drinks\" data-vc-content=\".vc_tta-panel-body\"><div class=\"vc_tta-panel-heading\"><h4 class=\"vc_tta-panel-title vc_tta-controls-icon-position-left\"><a href=\"#breakfast_drinks\" data-vc-accordion data-vc-container=\".vc_tta-container\"><span class=\"vc_tta-title-text\">Kahvalt\u0131 \u0130\u00e7ecek Men\u00fcs\u00fc<\/span><i class=\"vc_tta-controls-icon vc_tta-controls-icon-plus\"><\/i><\/a><\/h4><\/div><div class=\"vc_tta-panel-body\">\n\t<div class=\"wpb_text_column wpb_content_element\" >\n\t\t<div class=\"wpb_wrapper\">\n\t\t\t<p>\n<strong>TAZE MEYVE SUYU VE SMOOTHIE&#039;LER<\/strong><\/p>\n\n\t\t<\/div>\n\t<\/div>\n\n\t<div class=\"wpb_text_column wpb_content_element\" >\n\t\t<div class=\"wpb_wrapper\">\n\t\t\t<p>Taze S\u0131k\u0131lm\u0131\u015f Portakal Suyu<\/p>\n<p>Ev yap\u0131m\u0131 limonata<\/p>\n<p>Kar\u0131\u015f\u0131k Meyve Suyu (Portakal, Elma, Havu\u00e7)<\/p>\n<p>Gen\u00e7lik P\u0131nar\u0131 (Elma, Havu\u00e7, Portakal ve Nar)<\/p>\n<p>Vitamin C3 (Orange, Kiwi &amp; Grapefruit)<\/p>\n<p>G\u00fc\u00e7lendirme (Portakal, Muz ve Bal)<\/p>\n<p>Kar\u0131\u015f\u0131k Detoks (Elma, Havu\u00e7, Portakal ve Salatal\u0131k)<\/p>\n<p>Tav\u015fan Detoksu (Elma, Havu\u00e7, Portakal ve Nane)<\/p>\n<p>Ye\u015fil Smoothie (Kivi, Elma, Kereviz, Salatal\u0131k ve Ispanak)<\/p>\n<p>Milkshake (Vanilya, Muz, Karamel, \u00c7ilek, \u00c7ikolata)<\/p>\n<p>Muzlu Smoothie (S\u00fct, Muz, Yulaf, Dondurma)<\/p>\n<p>Yaban Mersinli Smoothie (Kar\u0131\u015f\u0131k Meyveler, Dondurma, Yulaf, S\u00fct)<\/p>\n<p>Pembe Smoothie (Taze \u00c7ilek, Dondurma, Yulaf, S\u00fct)<\/p>\n<p>Enerji \u015eoku (Ye\u015fil Elma, Badem, Yulaf, Muz, S\u00fct)<\/p>\n\n\t\t<\/div>\n\t<\/div>\n\n\t<div class=\"wpb_text_column wpb_content_element\" >\n\t\t<div class=\"wpb_wrapper\">\n\t\t\t<p>\n<strong>\u00d6ZEL KAHVE &amp; \u00c7AY (SICAK)<\/strong><\/p>\n\n\t\t<\/div>\n\t<\/div>\n\n\t<div class=\"wpb_text_column wpb_content_element\" >\n\t\t<div class=\"wpb_wrapper\">\n\t\t\t<p>Latte<\/p>\n<p>Cappuccino<\/p>\n<p>Americano<\/p>\n<p>D\u00fcz Beyaz<\/p>\n<p>Mocha<\/p>\n<p>Macchiato<\/p>\n<p>Affagato<\/p>\n<p>Espresso (Tek)<\/p>\n<p>Espresso (\u00c7ift)<\/p>\n<p>Filtre kahve<\/p>\n<p>Nescafe \/ Kafeinsiz Kahve<\/p>\n<p>S\u00fctl\u00fc Kahve<\/p>\n<p>\u0130ngiliz \u00c7ay\u0131, Earl Grey, Ye\u015fil, Meyve \u00c7aylar\u0131 Se\u00e7kisi<\/p>\n<p>Turkish \u00c7ay<\/p>\n\n\t\t<\/div>\n\t<\/div>\n<\/div><\/div><\/div><\/div><\/div><\/div><\/div><\/div><\/div><\/div><div class=\"vc_row wpb_row vc_row-fluid vc_custom_1753389088826 vc_row-has-fill\"><div class=\"wpb_column vc_column_container vc_col-sm-2\"><div class=\"vc_column-inner\"><div class=\"wpb_wrapper\"><div class=\"vc_icon_element vc_icon_element-outer vc_do_icon vc_icon_element-align-center\"><div class=\"vc_icon_element-inner vc_icon_element-color-white vc_icon_element-size-xl vc_icon_element-style- vc_icon_element-background-color-grey\" ><span class=\"vc_icon_element-icon fa fa-brands fa-whatsapp\" ><\/span><\/div><\/div><\/div><\/div><\/div><div class=\"wpb_column vc_column_container vc_col-sm-6\"><div class=\"vc_column-inner\"><div class=\"wpb_wrapper\">\n\t<div class=\"wpb_text_column wpb_content_element\" >\n\t\t<div class=\"wpb_wrapper\">\n\t\t\t<p><span style=\"color: #ffffff;\"><strong>Rezervasyon yapt\u0131rman\u0131z tavsiye edilir<\/strong> Yo\u011fun zamanlarda. Sadece <strong>bizi aray\u0131n<\/strong>veya bize bir mesaj g\u00f6nderin <strong>WhatsApp&#039;ta mesaj<\/strong>.<\/span><\/p>\n\n\t\t<\/div>\n\t<\/div>\n<\/div><\/div><\/div><div class=\"wpb_column vc_column_container vc_col-sm-4\"><div class=\"vc_column-inner\"><div class=\"wpb_wrapper\"><div class=\"vc_btn3-container vc_btn3-center vc_custom_1753389043140\" ><a class=\"vc_general vc_btn3 vc_btn3-size-lg vc_btn3-shape-rounded vc_btn3-style-outline vc_btn3-block vc_btn3-color-white\" href=\"https:\/\/driftwood-cyprus.com\/tr\/temas-etmek\/\" title=\"Men\u00fcy\u00fc G\u00f6r\">Masa Rezervasyonu Yap\u0131n<\/a><\/div><\/div><\/div><\/div><\/div>\n<\/div>","protected":false},"excerpt":{"rendered":"<p>S\u0131cak i\u00e7ecekler, meyve sular\u0131 ve a\u011f\u0131z suland\u0131ran smoothie se\u00e7enekleriyle geleneksel T\u00fcrk veya \u0130ngiliz kahvalt\u0131s\u0131n\u0131n veya daha hafif at\u0131\u015ft\u0131rmal\u0131klar\u0131n tad\u0131n\u0131 \u00e7\u0131kar\u0131n. Kahvalt\u0131 Men\u00fcs\u00fc - Yiyecekler \u0130ngiliz Kahvalt\u0131s\u0131 (Tek Ki\u015filik) Sahanda Yumurta, Past\u0131rma, Sosis K\u00f6ftesi, Patates K\u0131zartmas\u0131, Domates ve F\u0131r\u0131nda Pi\u015fmi\u015f Fasulye. Tostla Servis Edilir \u0130ngiliz Kahvalt\u0131s\u0131 (\u00c7ift Ki\u015filik) 2 Sahanda Yumurta, Past\u0131rma, Sosis K\u00f6ftesi,\u2026<\/p>","protected":false},"author":1,"featured_media":0,"parent":63,"menu_order":0,"comment_status":"closed","ping_status":"closed","template":"","meta":{"footnotes":""},"class_list":["post-194","page","type-page","status-publish","hentry","description-off"],"yoast_head":"<!-- This site is optimized with the Yoast SEO plugin v25.6 - https:\/\/yoast.com\/wordpress\/plugins\/seo\/ -->\n<title>Breakfast Menu - Driftwood Restaurant - Cyprus<\/title>\n<meta name=\"robots\" content=\"index, follow, max-snippet:-1, max-image-preview:large, max-video-preview:-1\" \/>\n<link rel=\"canonical\" href=\"https:\/\/driftwood-cyprus.com\/tr\/menu\/kahvalti\/\" \/>\n<meta property=\"og:locale\" content=\"tr_TR\" \/>\n<meta property=\"og:type\" content=\"article\" \/>\n<meta property=\"og:title\" content=\"Breakfast Menu - Driftwood Restaurant - Cyprus\" \/>\n<meta property=\"og:url\" content=\"https:\/\/driftwood-cyprus.com\/tr\/menu\/kahvalti\/\" \/>\n<meta property=\"og:site_name\" content=\"Driftwood Restaurant - Cyprus\" \/>\n<meta property=\"article:publisher\" content=\"https:\/\/www.facebook.com\/DriftwoodRestaurantCyprus\/\" \/>\n<meta property=\"article:modified_time\" content=\"2026-03-30T18:31:14+00:00\" \/>\n<meta name=\"twitter:card\" content=\"summary_large_image\" \/>\n<meta name=\"twitter:label1\" content=\"Tahmini okuma s\u00fcresi\" \/>\n\t<meta name=\"twitter:data1\" content=\"3 dakika\" \/>\n<script type=\"application\/ld+json\" class=\"yoast-schema-graph\">{\"@context\":\"https:\/\/schema.org\",\"@graph\":[{\"@type\":\"WebPage\",\"@id\":\"https:\/\/driftwood-cyprus.com\/menu\/breakfast\/\",\"url\":\"https:\/\/driftwood-cyprus.com\/menu\/breakfast\/\",\"name\":\"Breakfast Menu - Driftwood Restaurant - Cyprus\",\"isPartOf\":{\"@id\":\"https:\/\/driftwood-cyprus.com\/#website\"},\"datePublished\":\"2025-07-24T20:39:13+00:00\",\"dateModified\":\"2026-03-30T18:31:14+00:00\",\"breadcrumb\":{\"@id\":\"https:\/\/driftwood-cyprus.com\/menu\/breakfast\/#breadcrumb\"},\"inLanguage\":\"tr\",\"potentialAction\":[{\"@type\":\"ReadAction\",\"target\":[\"https:\/\/driftwood-cyprus.com\/menu\/breakfast\/\"]}]},{\"@type\":\"BreadcrumbList\",\"@id\":\"https:\/\/driftwood-cyprus.com\/menu\/breakfast\/#breadcrumb\",\"itemListElement\":[{\"@type\":\"ListItem\",\"position\":1,\"name\":\"Home\",\"item\":\"https:\/\/driftwood-cyprus.com\/\"},{\"@type\":\"ListItem\",\"position\":2,\"name\":\"Our Menu\",\"item\":\"https:\/\/driftwood-cyprus.com\/menu\/\"},{\"@type\":\"ListItem\",\"position\":3,\"name\":\"Breakfast Menu\"}]},{\"@type\":\"WebSite\",\"@id\":\"https:\/\/driftwood-cyprus.com\/#website\",\"url\":\"https:\/\/driftwood-cyprus.com\/\",\"name\":\"Driftwood Restaurant - Cyprus\",\"description\":\"\",\"publisher\":{\"@id\":\"https:\/\/driftwood-cyprus.com\/#organization\"},\"potentialAction\":[{\"@type\":\"SearchAction\",\"target\":{\"@type\":\"EntryPoint\",\"urlTemplate\":\"https:\/\/driftwood-cyprus.com\/?s={search_term_string}\"},\"query-input\":{\"@type\":\"PropertyValueSpecification\",\"valueRequired\":true,\"valueName\":\"search_term_string\"}}],\"inLanguage\":\"tr\"},{\"@type\":\"Organization\",\"@id\":\"https:\/\/driftwood-cyprus.com\/#organization\",\"name\":\"Driftwood Restaurant - Cyprus\",\"url\":\"https:\/\/driftwood-cyprus.com\/\",\"logo\":{\"@type\":\"ImageObject\",\"inLanguage\":\"tr\",\"@id\":\"https:\/\/driftwood-cyprus.com\/#\/schema\/logo\/image\/\",\"url\":\"https:\/\/driftwood-cyprus.com\/wp-content\/uploads\/2025\/07\/Artboard-1500.png\",\"contentUrl\":\"https:\/\/driftwood-cyprus.com\/wp-content\/uploads\/2025\/07\/Artboard-1500.png\",\"width\":500,\"height\":208,\"caption\":\"Driftwood Restaurant - Cyprus\"},\"image\":{\"@id\":\"https:\/\/driftwood-cyprus.com\/#\/schema\/logo\/image\/\"},\"sameAs\":[\"https:\/\/www.facebook.com\/DriftwoodRestaurantCyprus\/\",\"https:\/\/www.instagram.com\/driftwood.cyprus\/\",\"https:\/\/www.tripadvisor.co.uk\/Restaurant_Review-g1438508-d23406655-Reviews-Driftwood_Restaurant_Bar_Beach-Lapta_Kyrenia_District.html\"]}]}<\/script>\n<!-- \/ Yoast SEO plugin. -->","yoast_head_json":{"title":"Kahvalt\u0131 Men\u00fcs\u00fc - Driftwood Restaurant - K\u0131br\u0131s","robots":{"index":"index","follow":"follow","max-snippet":"max-snippet:-1","max-image-preview":"max-image-preview:large","max-video-preview":"max-video-preview:-1"},"canonical":"https:\/\/driftwood-cyprus.com\/tr\/menu\/kahvalti\/","og_locale":"tr_TR","og_type":"article","og_title":"Breakfast Menu - Driftwood Restaurant - Cyprus","og_url":"https:\/\/driftwood-cyprus.com\/tr\/menu\/kahvalti\/","og_site_name":"Driftwood Restaurant - Cyprus","article_publisher":"https:\/\/www.facebook.com\/DriftwoodRestaurantCyprus\/","article_modified_time":"2026-03-30T18:31:14+00:00","twitter_card":"summary_large_image","twitter_misc":{"Tahmini okuma s\u00fcresi":"3 dakika"},"schema":{"@context":"https:\/\/schema.org","@graph":[{"@type":"WebPage","@id":"https:\/\/driftwood-cyprus.com\/menu\/breakfast\/","url":"https:\/\/driftwood-cyprus.com\/menu\/breakfast\/","name":"Kahvalt\u0131 Men\u00fcs\u00fc - Driftwood Restaurant - K\u0131br\u0131s","isPartOf":{"@id":"https:\/\/driftwood-cyprus.com\/#website"},"datePublished":"2025-07-24T20:39:13+00:00","dateModified":"2026-03-30T18:31:14+00:00","breadcrumb":{"@id":"https:\/\/driftwood-cyprus.com\/menu\/breakfast\/#breadcrumb"},"inLanguage":"tr","potentialAction":[{"@type":"ReadAction","target":["https:\/\/driftwood-cyprus.com\/menu\/breakfast\/"]}]},{"@type":"BreadcrumbList","@id":"https:\/\/driftwood-cyprus.com\/menu\/breakfast\/#breadcrumb","itemListElement":[{"@type":"ListItem","position":1,"name":"Home","item":"https:\/\/driftwood-cyprus.com\/"},{"@type":"ListItem","position":2,"name":"Our Menu","item":"https:\/\/driftwood-cyprus.com\/menu\/"},{"@type":"ListItem","position":3,"name":"Breakfast Menu"}]},{"@type":"WebSite","@id":"https:\/\/driftwood-cyprus.com\/#website","url":"https:\/\/driftwood-cyprus.com\/","name":"Driftwood Restoran\u0131 - K\u0131br\u0131s","description":"","publisher":{"@id":"https:\/\/driftwood-cyprus.com\/#organization"},"potentialAction":[{"@type":"SearchAction","target":{"@type":"EntryPoint","urlTemplate":"https:\/\/driftwood-cyprus.com\/?s={search_term_string}"},"query-input":{"@type":"PropertyValueSpecification","valueRequired":true,"valueName":"search_term_string"}}],"inLanguage":"tr"},{"@type":"Organization","@id":"https:\/\/driftwood-cyprus.com\/#organization","name":"Driftwood Restoran\u0131 - K\u0131br\u0131s","url":"https:\/\/driftwood-cyprus.com\/","logo":{"@type":"ImageObject","inLanguage":"tr","@id":"https:\/\/driftwood-cyprus.com\/#\/schema\/logo\/image\/","url":"https:\/\/driftwood-cyprus.com\/wp-content\/uploads\/2025\/07\/Artboard-1500.png","contentUrl":"https:\/\/driftwood-cyprus.com\/wp-content\/uploads\/2025\/07\/Artboard-1500.png","width":500,"height":208,"caption":"Driftwood Restaurant - Cyprus"},"image":{"@id":"https:\/\/driftwood-cyprus.com\/#\/schema\/logo\/image\/"},"sameAs":["https:\/\/www.facebook.com\/DriftwoodRestaurantCyprus\/","https:\/\/www.instagram.com\/driftwood.cyprus\/","https:\/\/www.tripadvisor.co.uk\/Restaurant_Review-g1438508-d23406655-Reviews-Driftwood_Restaurant_Bar_Beach-Lapta_Kyrenia_District.html"]}]}},"_links":{"self":[{"href":"https:\/\/driftwood-cyprus.com\/tr\/wp-json\/wp\/v2\/pages\/194","targetHints":{"allow":["GET"]}}],"collection":[{"href":"https:\/\/driftwood-cyprus.com\/tr\/wp-json\/wp\/v2\/pages"}],"about":[{"href":"https:\/\/driftwood-cyprus.com\/tr\/wp-json\/wp\/v2\/types\/page"}],"author":[{"embeddable":true,"href":"https:\/\/driftwood-cyprus.com\/tr\/wp-json\/wp\/v2\/users\/1"}],"replies":[{"embeddable":true,"href":"https:\/\/driftwood-cyprus.com\/tr\/wp-json\/wp\/v2\/comments?post=194"}],"version-history":[{"count":0,"href":"https:\/\/driftwood-cyprus.com\/tr\/wp-json\/wp\/v2\/pages\/194\/revisions"}],"up":[{"embeddable":true,"href":"https:\/\/driftwood-cyprus.com\/tr\/wp-json\/wp\/v2\/pages\/63"}],"wp:attachment":[{"href":"https:\/\/driftwood-cyprus.com\/tr\/wp-json\/wp\/v2\/media?parent=194"}],"curies":[{"name":"wp","href":"https:\/\/api.w.org\/{rel}","templated":true}]}}