{"id":41,"date":"2025-07-23T20:23:30","date_gmt":"2025-07-23T20:23:30","guid":{"rendered":"https:\/\/driftwood-cyprus.com\/?page_id=41"},"modified":"2025-08-22T16:30:54","modified_gmt":"2025-08-22T16:30:54","slug":"driftwood-restaurant-bar-beach-cyprus","status":"publish","type":"page","link":"https:\/\/driftwood-cyprus.com\/tr\/","title":{"rendered":"Driftwood Restoran, Bar ve Plaj \u2013 K\u0131br\u0131s"},"content":{"rendered":"<div class=\"wpb-content-wrapper\"><div data-vc-full-width=\"true\" data-vc-full-width-temp=\"true\" data-vc-full-width-init=\"false\" data-vc-stretch-content=\"true\" data-vc-parallax=\"1.5\" data-vc-parallax-o-fade=\"on\" data-vc-parallax-image=\"https:\/\/driftwood-cyprus.com\/wp-content\/uploads\/2025\/07\/Driftwood-Beach-Cyprus-scaled.jpg\" class=\"vc_row wpb_row vc_row-fluid vc_custom_1753305156221 vc_row-has-fill vc_row-o-full-height vc_row-o-columns-top vc_row-flex vc_general vc_parallax vc_parallax-content-moving-fade js-vc_parallax-o-fade\"><div class=\"wpb_column vc_column_container vc_col-sm-12\"><div class=\"vc_column-inner\"><div class=\"wpb_wrapper\">\n\t<div  class=\"wpb_single_image wpb_content_element vc_align_center\">\n\t\t\n\t\t<figure class=\"wpb_wrapper vc_figure\">\n\t\t\t<div class=\"vc_single_image-wrapper   vc_box_border_grey\"><img loading=\"lazy\" decoding=\"async\" width=\"500\" height=\"208\" src=\"https:\/\/driftwood-cyprus.com\/wp-content\/uploads\/2025\/07\/Driftwood-Logo-White500.png\" class=\"vc_single_image-img attachment-full\" alt=\"\" title=\"Driftwood Logosu White500\" srcset=\"https:\/\/driftwood-cyprus.com\/wp-content\/uploads\/2025\/07\/Driftwood-Logo-White500.png 500w, https:\/\/driftwood-cyprus.com\/wp-content\/uploads\/2025\/07\/Driftwood-Logo-White500-300x125.png 300w, https:\/\/driftwood-cyprus.com\/wp-content\/uploads\/2025\/07\/Driftwood-Logo-White500-18x7.png 18w\" sizes=\"auto, (max-width: 500px) 100vw, 500px\"  data-dt-location=\"https:\/\/driftwood-cyprus.com\/tr\/driftwood-restaurant-bar-beach-cyprus\/driftwood-logo-white500\/\" \/><\/div>\n\t\t<\/figure>\n\t<\/div>\n\n\t<div class=\"wpb_text_column wpb_content_element\" >\n\t\t<div class=\"wpb_wrapper\">\n\t\t\t<h3 style=\"text-align: center;\"><span style=\"color: #ffffff;\">Kuzey K\u0131br\u0131s'taki sahil s\u0131\u011f\u0131na\u011f\u0131n\u0131z<\/span><\/h3>\n\n\t\t<\/div>\n\t<\/div>\n\n\t<div  class=\"wpb_single_image wpb_content_element vc_align_center  vc_custom_1753306881643\">\n\t\t\n\t\t<figure class=\"wpb_wrapper vc_figure\">\n\t\t\t<div class=\"vc_single_image-wrapper   vc_box_border_grey\"><img loading=\"lazy\" decoding=\"async\" width=\"300\" height=\"330\" src=\"https:\/\/driftwood-cyprus.com\/wp-content\/uploads\/2025\/07\/Artboard-1300.png\" class=\"vc_single_image-img attachment-full\" alt=\"\" title=\"\u00c7al\u0131\u015fma y\u00fczeyi 1300\" srcset=\"https:\/\/driftwood-cyprus.com\/wp-content\/uploads\/2025\/07\/Artboard-1300.png 300w, https:\/\/driftwood-cyprus.com\/wp-content\/uploads\/2025\/07\/Artboard-1300-273x300.png 273w, https:\/\/driftwood-cyprus.com\/wp-content\/uploads\/2025\/07\/Artboard-1300-11x12.png 11w\" sizes=\"auto, (max-width: 300px) 100vw, 300px\"  data-dt-location=\"https:\/\/driftwood-cyprus.com\/tr\/driftwood-restaurant-bar-beach-cyprus\/artboard-1300\/\" \/><\/div>\n\t\t<\/figure>\n\t<\/div>\n<\/div><\/div><\/div><\/div><div class=\"vc_row-full-width vc_clearfix\"><\/div><div class=\"vc_row wpb_row vc_row-fluid vc_custom_1753304157865\"><div class=\"wpb_column vc_column_container vc_col-sm-12 vc_col-has-fill\"><div class=\"vc_column-inner vc_custom_1753304532550\"><div class=\"wpb_wrapper\"><div class=\"vc_row wpb_row vc_inner vc_row-fluid vc_row-o-content-middle vc_row-flex\"><div class=\"wpb_column vc_column_container vc_col-sm-8\"><div class=\"vc_column-inner\"><div class=\"wpb_wrapper\">\n\t<div class=\"wpb_text_column wpb_content_element\" >\n\t\t<div class=\"wpb_wrapper\">\n\t\t\t<h3>K\u0131y\u0131 cazibesinin lezzetle bulu\u015ftu\u011fu yer.<\/h3>\n<p>Kuzey K\u0131br\u0131s'\u0131n sakin k\u0131y\u0131lar\u0131nda yer alan Driftwood, sadece bir yemekten fazlas\u0131n\u0131 sunuyor; bir deneyim.<\/p>\n<p>G\u00fcne\u015fin \u00f6pt\u00fc\u011f\u00fc sabahlardan, taze kahvelerle romantik g\u00fcn bat\u0131mlar\u0131na, enfes deniz \u00fcr\u00fcnleriyle birlikte, buradaki her an duyular\u0131n\u0131z\u0131 \u015f\u0131martmak i\u00e7in tasarlanm\u0131\u015ft\u0131r.<\/p>\n<p>\u0130ster keyifli bir brunch, ister aile yeme\u011fi, isterse deniz kenar\u0131nda g\u00fcn bat\u0131m\u0131 kokteyli ar\u0131yor olun, Driftwood sizin i\u00e7in m\u00fckemmel bir sahil s\u0131\u011f\u0131na\u011f\u0131d\u0131r.<\/p>\n\n\t\t<\/div>\n\t<\/div>\n<\/div><\/div><\/div><div class=\"wpb_column vc_column_container vc_col-sm-4\"><div class=\"vc_column-inner\"><div class=\"wpb_wrapper\"><div class=\"vc_btn3-container vc_btn3-center\" ><a class=\"vc_general vc_btn3 vc_btn3-size-md vc_btn3-shape-rounded vc_btn3-style-outline vc_btn3-block vc_btn3-color-black\" href=\"https:\/\/driftwood-cyprus.com\/tr\/menu\/\" title=\"Men\u00fcy\u00fc G\u00f6r\">\ud83c\udf74 Men\u00fcy\u00fc G\u00f6r<\/a><\/div><div class=\"vc_btn3-container vc_btn3-center\" ><a class=\"vc_general vc_btn3 vc_btn3-size-md vc_btn3-shape-rounded vc_btn3-style-outline vc_btn3-block vc_btn3-color-black\" href=\"https:\/\/driftwood-cyprus.com\/tr\/temas-etmek\/\" title=\"Bize Ula\u015f\u0131n\">\ud83d\udcf2 Masa Rezervasyonu Yap\u0131n<\/a><\/div><\/div><\/div><\/div><\/div><\/div><\/div><\/div><\/div><div data-vc-full-width=\"true\" data-vc-full-width-temp=\"true\" data-vc-full-width-init=\"false\" data-vc-stretch-content=\"true\" data-vc-parallax=\"1.5\" data-vc-parallax-o-fade=\"on\" data-vc-parallax-image=\"https:\/\/driftwood-cyprus.com\/wp-content\/uploads\/2025\/07\/driftwood_mart_2023-137.jpg\" class=\"vc_row wpb_row vc_row-fluid vc_custom_1754409248109 vc_row-has-fill vc_row-o-full-height vc_row-o-columns-top vc_row-flex vc_general vc_parallax vc_parallax-content-moving-fade js-vc_parallax-o-fade\"><div class=\"wpb_column vc_column_container vc_col-sm-12\"><div class=\"vc_column-inner\"><div class=\"wpb_wrapper\">\n\t<div class=\"wpb_text_column wpb_content_element\" >\n\t\t<div class=\"wpb_wrapper\">\n\t\t\t<h3 style=\"text-align: center;\"><span style=\"color: #ffffff;\">Restoran\u0131m\u0131zda veya sahil kenar\u0131ndaki g\u00fcvertemizde l\u00fcks bir yemek deneyimi ya\u015fay\u0131n.<\/span><\/h3>\n\n\t\t<\/div>\n\t<\/div>\n<\/div><\/div><\/div><\/div><div class=\"vc_row-full-width vc_clearfix\"><\/div><div class=\"vc_row wpb_row vc_row-fluid vc_custom_1753304157865\"><div class=\"wpb_column vc_column_container vc_col-sm-12 vc_col-has-fill\"><div class=\"vc_column-inner vc_custom_1753304532550\"><div class=\"wpb_wrapper\"><div class=\"vc_row wpb_row vc_inner vc_row-fluid vc_column-gap-10 vc_row-o-equal-height vc_row-o-content-middle vc_row-flex\"><div class=\"wpb_column vc_column_container vc_col-sm-4\"><div class=\"vc_column-inner\"><div class=\"wpb_wrapper\">\n\t<div class=\"wpb_text_column wpb_content_element\" >\n\t\t<div class=\"wpb_wrapper\">\n\t\t\t<h3>Manzaral\u0131 yemek<\/h3>\n<p>M\u00fckemmel ortam\u0131n\u0131z\u0131 se\u00e7in. Koyun sakin sular\u0131na uzanan sahil kenar\u0131ndaki g\u00fcvertemizde a\u00e7\u0131k havada yemek yiyin. Plaja ve g\u00fcverteye bakan i\u00e7 mekan oturma alan\u0131m\u0131z\u0131n rahat atmosferinin tad\u0131n\u0131 \u00e7\u0131kar\u0131n. Ya da kanepeler, g\u00f6lgelik ve \u00fcst\u00fcn\u00fczde asma a\u011fa\u00e7lar\u0131 bulunan bar\u0131m\u0131z\u0131n ve rahat oturma alan\u0131m\u0131z\u0131n rahat atmosferinin tad\u0131n\u0131 \u00e7\u0131kar\u0131n.<\/p>\n\n\t\t<\/div>\n\t<\/div>\n<\/div><\/div><\/div><div class=\"wpb_column vc_column_container vc_col-sm-4 vc_col-has-fill\"><div class=\"vc_column-inner vc_custom_1754415052615\"><div class=\"wpb_wrapper\"><\/div><\/div><\/div><div class=\"wpb_column vc_column_container vc_col-sm-4 vc_col-has-fill\"><div class=\"vc_column-inner vc_custom_1754410187657\"><div class=\"wpb_wrapper\"><\/div><\/div><\/div><\/div><\/div><\/div><\/div><\/div><div data-vc-full-width=\"true\" data-vc-full-width-temp=\"true\" data-vc-full-width-init=\"false\" data-vc-stretch-content=\"true\" data-vc-parallax=\"1.5\" data-vc-parallax-o-fade=\"on\" data-vc-parallax-image=\"https:\/\/driftwood-cyprus.com\/wp-content\/uploads\/2025\/07\/driftwood-restaurant-cyprus.jpg\" class=\"vc_row wpb_row vc_row-fluid vc_custom_1754410272562 vc_row-has-fill vc_row-o-full-height vc_row-o-columns-top vc_row-flex vc_general vc_parallax vc_parallax-content-moving-fade js-vc_parallax-o-fade\"><div class=\"wpb_column vc_column_container vc_col-sm-12\"><div class=\"vc_column-inner\"><div class=\"wpb_wrapper\">\n\t<div class=\"wpb_text_column wpb_content_element  vc_custom_1754411643796\" >\n\t\t<div class=\"wpb_wrapper\">\n\t\t\t<h3 style=\"text-align: center;\"><span style=\"color: #ffffff;\">Sakin sular\u0131n ve yumu\u015fak K\u0131br\u0131s kumunun tad\u0131n\u0131 \u00e7\u0131karman\u0131z i\u00e7in \u00fccretsiz \u015fezlonglar.<\/span><\/h3>\n\n\t\t<\/div>\n\t<\/div>\n<\/div><\/div><\/div><\/div><div class=\"vc_row-full-width vc_clearfix\"><\/div><div class=\"vc_row wpb_row vc_row-fluid vc_custom_1753304157865\"><div class=\"wpb_column vc_column_container vc_col-sm-12 vc_col-has-fill\"><div class=\"vc_column-inner vc_custom_1753304532550\"><div class=\"wpb_wrapper\"><div class=\"vc_row wpb_row vc_inner vc_row-fluid vc_row-o-content-middle vc_row-flex\"><div class=\"wpb_column vc_column_container vc_col-sm-8\"><div class=\"vc_column-inner\"><div class=\"wpb_wrapper\">\n\t<div class=\"wpb_text_column wpb_content_element\" >\n\t\t<div class=\"wpb_wrapper\">\n\t\t\t<h3>Gizli \u00fccretler olmadan Sandy Beach&#039;te y\u00fczme<\/h3>\n<p>Drift Plaj\u0131&#039;nda rahatlay\u0131n <strong>\u00fccretsiz \u015fezlonglar<\/strong> G\u00fcn boyu hi\u00e7bir bask\u0131 ve endi\u015fe yok. G\u00fcne\u015fin tad\u0131n\u0131 \u00e7\u0131karabilece\u011finiz, dinlenebilece\u011finiz g\u00fczel, samimi ve g\u00fcvenli sahil alan\u0131m\u0131z.<\/p>\n<p>Plaj g\u00f6revlilerimiz, g\u00fcn boyunca size taze haz\u0131rlanm\u0131\u015f yiyecek, i\u00e7ecek ve tamamlay\u0131c\u0131 konforlar sa\u011flarken, kumun kristal berrakl\u0131\u011f\u0131ndaki okyanusla uyumlu yumu\u015fak ve temiz kalmas\u0131n\u0131 sa\u011flar.<\/p>\n\n\t\t<\/div>\n\t<\/div>\n<\/div><\/div><\/div><div class=\"wpb_column vc_column_container vc_col-sm-4\"><div class=\"vc_column-inner\"><div class=\"wpb_wrapper\"><div class=\"vc_btn3-container vc_btn3-center\" ><a class=\"vc_general vc_btn3 vc_btn3-size-md vc_btn3-shape-rounded vc_btn3-style-outline vc_btn3-block vc_btn3-color-black\" href=\"https:\/\/driftwood-cyprus.com\/tr\/menu\/ogle-yemegi\/\" title=\"Plaj Men\u00fcs\u00fc\">\ud83c\udf74 \u00d6\u011fle Yeme\u011fi Men\u00fcs\u00fc<\/a><\/div><div class=\"vc_btn3-container vc_btn3-center\" ><a class=\"vc_general vc_btn3 vc_btn3-size-md vc_btn3-shape-rounded vc_btn3-style-outline vc_btn3-block vc_btn3-color-black\" href=\"https:\/\/driftwood-cyprus.com\/tr\/temas-etmek\/\" title=\"Bize Ula\u015f\u0131n\">\ud83c\udf34 Plaj Bilgileri<\/a><\/div><\/div><\/div><\/div><\/div><\/div><\/div><\/div><\/div><div data-vc-full-width=\"true\" data-vc-full-width-temp=\"true\" data-vc-full-width-init=\"false\" data-vc-stretch-content=\"true\" data-vc-parallax=\"1.5\" data-vc-parallax-o-fade=\"on\" data-vc-parallax-image=\"https:\/\/driftwood-cyprus.com\/wp-content\/uploads\/2025\/07\/driftwood_mart_2023-106.jpg\" class=\"vc_row wpb_row vc_row-fluid vc_custom_1754411135464 vc_row-has-fill vc_row-o-full-height vc_row-o-columns-top vc_row-flex vc_general vc_parallax vc_parallax-content-moving-fade js-vc_parallax-o-fade\"><div class=\"wpb_column vc_column_container vc_col-sm-12\"><div class=\"vc_column-inner\"><div class=\"wpb_wrapper\">\n\t<div class=\"wpb_text_column wpb_content_element  vc_custom_1754411682800\" >\n\t\t<div class=\"wpb_wrapper\">\n\t\t\t<h3 style=\"text-align: center;\"><span style=\"color: #ffffff;\">Profesyonel baristalar\u0131n bulundu\u011fu tam donan\u0131ml\u0131 bar<\/span><\/h3>\n\n\t\t<\/div>\n\t<\/div>\n<\/div><\/div><\/div><\/div><div class=\"vc_row-full-width vc_clearfix\"><\/div><div class=\"vc_row wpb_row vc_row-fluid vc_custom_1753304157865\"><div class=\"wpb_column vc_column_container vc_col-sm-12 vc_col-has-fill\"><div class=\"vc_column-inner vc_custom_1753304532550\"><div class=\"wpb_wrapper\"><div class=\"vc_row wpb_row vc_inner vc_row-fluid vc_column-gap-10 vc_row-o-equal-height vc_row-o-content-middle vc_row-flex\"><div class=\"wpb_column vc_column_container vc_col-sm-6\"><div class=\"vc_column-inner\"><div class=\"wpb_wrapper\">\n\t<div class=\"wpb_text_column wpb_content_element\" >\n\t\t<div class=\"wpb_wrapper\">\n\t\t\t<h3>Driftwood&#039;daki Bar<\/h3>\n<p>G\u00fcn do\u011fumunda espressolardan g\u00fcn bat\u0131m\u0131 kokteyllerine kadar, bar\u0131m\u0131z Driftwood&#039;daki zaman\u0131n\u0131z\u0131n kalbidir. Sabah\u0131n erken saatleri, ustal\u0131kla demlenmi\u015f kahve ve T\u00fcrk \u00e7ay\u0131n\u0131n zengin aromas\u0131yla ba\u015flar ve ak\u015famlar, deniz kenar\u0131nda kokteyl kadehlerinin hafif\u00e7e \u015f\u0131k\u0131rt\u0131s\u0131yla ba\u015flar.<\/p>\n<p>\u00d6zenle haz\u0131rlanm\u0131\u015f \u015farap listesi, so\u011fuk biralar, yerel ve ithal birinci s\u0131n\u0131f i\u00e7kiler, alkols\u00fcz i\u00e7ecekler ve yarat\u0131c\u0131 kokteyller (alkoll\u00fc veya alkols\u00fcz) ile her ruh haline uygun bir \u015feyler var.<\/p>\n\n\t\t<\/div>\n\t<\/div>\n<\/div><\/div><\/div><div class=\"wpb_column vc_column_container vc_col-sm-6 vc_col-has-fill\"><div class=\"vc_column-inner vc_custom_1754411723054\"><div class=\"wpb_wrapper\"><\/div><\/div><\/div><\/div><\/div><\/div><\/div><\/div>\n<\/div>","protected":false},"excerpt":{"rendered":"<p>Kuzey K\u0131br\u0131s&#039;taki sahil s\u0131\u011f\u0131na\u011f\u0131n\u0131z. Sahil cazibesinin lezzetle bulu\u015ftu\u011fu yer. Kuzey K\u0131br\u0131s&#039;\u0131n sakin k\u0131y\u0131lar\u0131nda yer alan Driftwood, sadece bir yemekten \u00e7ok daha fazlas\u0131n\u0131 sunuyor; bir deneyim. G\u00fcne\u015fin \u00f6pt\u00fc\u011f\u00fc sabahlardan, taze kahvelerle romantik g\u00fcn bat\u0131mlar\u0131na, enfes deniz \u00fcr\u00fcnleriyle birlikte, her an duyular\u0131n\u0131z\u0131 \u015f\u0131martmak i\u00e7in tasarland\u0131. \u0130ster...<\/p>","protected":false},"author":1,"featured_media":0,"parent":0,"menu_order":0,"comment_status":"closed","ping_status":"closed","template":"","meta":{"footnotes":""},"class_list":["post-41","page","type-page","status-publish","hentry","description-off"],"yoast_head":"<!-- This site is optimized with the Yoast SEO plugin v25.6 - https:\/\/yoast.com\/wordpress\/plugins\/seo\/ -->\n<title>Driftwood Restaurant, Bar &amp; Beach - Cyprus - Driftwood Restaurant - Cyprus<\/title>\n<meta name=\"robots\" content=\"index, follow, max-snippet:-1, max-image-preview:large, max-video-preview:-1\" \/>\n<link rel=\"canonical\" href=\"https:\/\/driftwood-cyprus.com\/tr\/\" \/>\n<meta property=\"og:locale\" content=\"tr_TR\" \/>\n<meta property=\"og:type\" content=\"article\" \/>\n<meta property=\"og:title\" content=\"Driftwood Restaurant, Bar &amp; Beach - Cyprus - Driftwood Restaurant - Cyprus\" \/>\n<meta property=\"og:url\" content=\"https:\/\/driftwood-cyprus.com\/tr\/\" \/>\n<meta property=\"og:site_name\" content=\"Driftwood Restaurant - Cyprus\" \/>\n<meta property=\"article:publisher\" content=\"https:\/\/www.facebook.com\/DriftwoodRestaurantCyprus\/\" \/>\n<meta property=\"article:modified_time\" content=\"2025-08-22T16:30:54+00:00\" \/>\n<meta name=\"twitter:card\" content=\"summary_large_image\" \/>\n<meta name=\"twitter:label1\" content=\"Tahmini okuma s\u00fcresi\" \/>\n\t<meta name=\"twitter:data1\" content=\"4 dakika\" \/>\n<script type=\"application\/ld+json\" class=\"yoast-schema-graph\">{\"@context\":\"https:\/\/schema.org\",\"@graph\":[{\"@type\":\"WebPage\",\"@id\":\"https:\/\/driftwood-cyprus.com\/\",\"url\":\"https:\/\/driftwood-cyprus.com\/\",\"name\":\"Driftwood Restaurant, Bar & Beach - Cyprus - Driftwood Restaurant - Cyprus\",\"isPartOf\":{\"@id\":\"https:\/\/driftwood-cyprus.com\/#website\"},\"datePublished\":\"2025-07-23T20:23:30+00:00\",\"dateModified\":\"2025-08-22T16:30:54+00:00\",\"breadcrumb\":{\"@id\":\"https:\/\/driftwood-cyprus.com\/#breadcrumb\"},\"inLanguage\":\"tr\",\"potentialAction\":[{\"@type\":\"ReadAction\",\"target\":[\"https:\/\/driftwood-cyprus.com\/\"]}]},{\"@type\":\"BreadcrumbList\",\"@id\":\"https:\/\/driftwood-cyprus.com\/#breadcrumb\",\"itemListElement\":[{\"@type\":\"ListItem\",\"position\":1,\"name\":\"Home\",\"item\":\"https:\/\/driftwood-cyprus.com\/\"},{\"@type\":\"ListItem\",\"position\":2,\"name\":\"Driftwood Restaurant, Bar &#038; Beach &#8211; Cyprus\"}]},{\"@type\":\"WebSite\",\"@id\":\"https:\/\/driftwood-cyprus.com\/#website\",\"url\":\"https:\/\/driftwood-cyprus.com\/\",\"name\":\"Driftwood Restaurant - Cyprus\",\"description\":\"\",\"publisher\":{\"@id\":\"https:\/\/driftwood-cyprus.com\/#organization\"},\"potentialAction\":[{\"@type\":\"SearchAction\",\"target\":{\"@type\":\"EntryPoint\",\"urlTemplate\":\"https:\/\/driftwood-cyprus.com\/?s={search_term_string}\"},\"query-input\":{\"@type\":\"PropertyValueSpecification\",\"valueRequired\":true,\"valueName\":\"search_term_string\"}}],\"inLanguage\":\"tr\"},{\"@type\":\"Organization\",\"@id\":\"https:\/\/driftwood-cyprus.com\/#organization\",\"name\":\"Driftwood Restaurant - Cyprus\",\"url\":\"https:\/\/driftwood-cyprus.com\/\",\"logo\":{\"@type\":\"ImageObject\",\"inLanguage\":\"tr\",\"@id\":\"https:\/\/driftwood-cyprus.com\/#\/schema\/logo\/image\/\",\"url\":\"https:\/\/driftwood-cyprus.com\/wp-content\/uploads\/2025\/07\/Artboard-1500.png\",\"contentUrl\":\"https:\/\/driftwood-cyprus.com\/wp-content\/uploads\/2025\/07\/Artboard-1500.png\",\"width\":500,\"height\":208,\"caption\":\"Driftwood Restaurant - Cyprus\"},\"image\":{\"@id\":\"https:\/\/driftwood-cyprus.com\/#\/schema\/logo\/image\/\"},\"sameAs\":[\"https:\/\/www.facebook.com\/DriftwoodRestaurantCyprus\/\",\"https:\/\/www.instagram.com\/driftwood.cyprus\/\",\"https:\/\/www.tripadvisor.co.uk\/Restaurant_Review-g1438508-d23406655-Reviews-Driftwood_Restaurant_Bar_Beach-Lapta_Kyrenia_District.html\"]}]}<\/script>\n<!-- \/ Yoast SEO plugin. -->","yoast_head_json":{"title":"Driftwood Restoran, Bar ve Plaj - K\u0131br\u0131s - Driftwood Restoran - K\u0131br\u0131s","robots":{"index":"index","follow":"follow","max-snippet":"max-snippet:-1","max-image-preview":"max-image-preview:large","max-video-preview":"max-video-preview:-1"},"canonical":"https:\/\/driftwood-cyprus.com\/tr\/","og_locale":"tr_TR","og_type":"article","og_title":"Driftwood Restaurant, Bar & Beach - Cyprus - Driftwood Restaurant - Cyprus","og_url":"https:\/\/driftwood-cyprus.com\/tr\/","og_site_name":"Driftwood Restaurant - Cyprus","article_publisher":"https:\/\/www.facebook.com\/DriftwoodRestaurantCyprus\/","article_modified_time":"2025-08-22T16:30:54+00:00","twitter_card":"summary_large_image","twitter_misc":{"Tahmini okuma s\u00fcresi":"4 dakika"},"schema":{"@context":"https:\/\/schema.org","@graph":[{"@type":"WebPage","@id":"https:\/\/driftwood-cyprus.com\/","url":"https:\/\/driftwood-cyprus.com\/","name":"Driftwood Restoran, Bar ve Plaj - K\u0131br\u0131s - Driftwood Restoran - K\u0131br\u0131s","isPartOf":{"@id":"https:\/\/driftwood-cyprus.com\/#website"},"datePublished":"2025-07-23T20:23:30+00:00","dateModified":"2025-08-22T16:30:54+00:00","breadcrumb":{"@id":"https:\/\/driftwood-cyprus.com\/#breadcrumb"},"inLanguage":"tr","potentialAction":[{"@type":"ReadAction","target":["https:\/\/driftwood-cyprus.com\/"]}]},{"@type":"BreadcrumbList","@id":"https:\/\/driftwood-cyprus.com\/#breadcrumb","itemListElement":[{"@type":"ListItem","position":1,"name":"Home","item":"https:\/\/driftwood-cyprus.com\/"},{"@type":"ListItem","position":2,"name":"Driftwood Restaurant, Bar &#038; Beach &#8211; Cyprus"}]},{"@type":"WebSite","@id":"https:\/\/driftwood-cyprus.com\/#website","url":"https:\/\/driftwood-cyprus.com\/","name":"Driftwood Restoran\u0131 - K\u0131br\u0131s","description":"","publisher":{"@id":"https:\/\/driftwood-cyprus.com\/#organization"},"potentialAction":[{"@type":"SearchAction","target":{"@type":"EntryPoint","urlTemplate":"https:\/\/driftwood-cyprus.com\/?s={search_term_string}"},"query-input":{"@type":"PropertyValueSpecification","valueRequired":true,"valueName":"search_term_string"}}],"inLanguage":"tr"},{"@type":"Organization","@id":"https:\/\/driftwood-cyprus.com\/#organization","name":"Driftwood Restoran\u0131 - K\u0131br\u0131s","url":"https:\/\/driftwood-cyprus.com\/","logo":{"@type":"ImageObject","inLanguage":"tr","@id":"https:\/\/driftwood-cyprus.com\/#\/schema\/logo\/image\/","url":"https:\/\/driftwood-cyprus.com\/wp-content\/uploads\/2025\/07\/Artboard-1500.png","contentUrl":"https:\/\/driftwood-cyprus.com\/wp-content\/uploads\/2025\/07\/Artboard-1500.png","width":500,"height":208,"caption":"Driftwood Restaurant - Cyprus"},"image":{"@id":"https:\/\/driftwood-cyprus.com\/#\/schema\/logo\/image\/"},"sameAs":["https:\/\/www.facebook.com\/DriftwoodRestaurantCyprus\/","https:\/\/www.instagram.com\/driftwood.cyprus\/","https:\/\/www.tripadvisor.co.uk\/Restaurant_Review-g1438508-d23406655-Reviews-Driftwood_Restaurant_Bar_Beach-Lapta_Kyrenia_District.html"]}]}},"_links":{"self":[{"href":"https:\/\/driftwood-cyprus.com\/tr\/wp-json\/wp\/v2\/pages\/41","targetHints":{"allow":["GET"]}}],"collection":[{"href":"https:\/\/driftwood-cyprus.com\/tr\/wp-json\/wp\/v2\/pages"}],"about":[{"href":"https:\/\/driftwood-cyprus.com\/tr\/wp-json\/wp\/v2\/types\/page"}],"author":[{"embeddable":true,"href":"https:\/\/driftwood-cyprus.com\/tr\/wp-json\/wp\/v2\/users\/1"}],"replies":[{"embeddable":true,"href":"https:\/\/driftwood-cyprus.com\/tr\/wp-json\/wp\/v2\/comments?post=41"}],"version-history":[{"count":0,"href":"https:\/\/driftwood-cyprus.com\/tr\/wp-json\/wp\/v2\/pages\/41\/revisions"}],"wp:attachment":[{"href":"https:\/\/driftwood-cyprus.com\/tr\/wp-json\/wp\/v2\/media?parent=41"}],"curies":[{"name":"wp","href":"https:\/\/api.w.org\/{rel}","templated":true}]}}