{"id":59,"date":"2025-07-23T20:42:03","date_gmt":"2025-07-23T20:42:03","guid":{"rendered":"https:\/\/driftwood-cyprus.com\/?page_id=59"},"modified":"2025-08-05T19:34:39","modified_gmt":"2025-08-05T19:34:39","slug":"hakkinda","status":"publish","type":"page","link":"https:\/\/driftwood-cyprus.com\/tr\/hakkinda\/","title":{"rendered":"Hakk\u0131m\u0131zda"},"content":{"rendered":"<div class=\"wpb-content-wrapper\"><div class=\"vc_row wpb_row vc_row-fluid vc_row-o-content-middle vc_row-flex\"><div class=\"wpb_column vc_column_container vc_col-sm-4\"><div class=\"vc_column-inner\"><div class=\"wpb_wrapper\">\n\t<div class=\"wpb_text_column wpb_content_element\" >\n\t\t<div class=\"wpb_wrapper\">\n\t\t\t<h3>Modern Akdeniz, T\u00fcrk Gelenekleriyle Bulu\u015fuyor<\/h3>\n<p>Driftwood, kendi evlerinin bir uzant\u0131s\u0131 gibi hissettiren bir restoran a\u00e7ma hayalini payla\u015fan Bridget ve Yusuf \u00e7ifti taraf\u0131ndan sevgiyle yarat\u0131ld\u0131 (ama daha iyi ayd\u0131nlatma, deniz meltemi ve daha egzotik bir kokteyl men\u00fcs\u00fcyle!)<\/p>\n<p>Aslen \u0130ngiliz olan Bridget, toplumda samimi s\u0131cakl\u0131\u011f\u0131, cana yak\u0131nl\u0131\u011f\u0131 ve isminizi (ve en sevdi\u011finiz i\u00e7ece\u011fi) hat\u0131rlama yetene\u011fiyle tan\u0131n\u0131r.<\/p>\n<p>T\u00fcrk olmaktan gurur duyan Yusuf, yemek ve ev sahipli\u011fine olan sevgisini uzun y\u0131llara dayanan misafirperverlik kariyeriyle birle\u015ftiriyor. Ayr\u0131ca, herkesi ho\u015f kar\u015f\u0131lad\u0131\u011f\u0131 konusunda \u00f6zel bir yetene\u011fi var!<\/p>\n\n\t\t<\/div>\n\t<\/div>\n\n\t<div class=\"wpb_text_column wpb_content_element  vc_custom_1754422207317\" >\n\t\t<div class=\"wpb_wrapper\">\n\t\t\t<h4><span style=\"color: #808080;\"><em>Sahipleri Bridget ve Yusuf ile tan\u0131\u015ft\u0131k; ne kadar tatl\u0131, cana yak\u0131n ve yard\u0131msever insanlar. Buraya g\u00f6n\u00fcllerini koyduklar\u0131 her halinden belli. Kesinlikle tekrar gelece\u011fiz!<\/em><\/span><\/h4>\n<p>\u2b50\u2b50\u2b50\u2b50\u2b50 \u2013 TripAdvisor Yorumcusu<\/p>\n\n\t\t<\/div>\n\t<\/div>\n\n\t<div class=\"wpb_text_column wpb_content_element\" >\n\t\t<div class=\"wpb_wrapper\">\n\t\t\t<p>Birlikte, taze ve d\u00fcr\u00fcst yemekler ve topluluk ve \u00f6zg\u00fcnl\u00fck tutkusu \u00fczerine Driftwood&#039;u in\u015fa ediyorlar. S\u0131cak bir kar\u015f\u0131lama, g\u00f6steri\u015ften uzak ve tela\u015fs\u0131z bir ortam bulacaks\u0131n\u0131z. Nereden gelirseniz gelin, kendinizi evinizde hissetmenizi sa\u011flayacak \u015fekilde tasarlanm\u0131\u015f, rahat ama kaliteli bir yemek deneyimi.<\/p>\n\n\t\t<\/div>\n\t<\/div>\n<\/div><\/div><\/div><div class=\"wpb_column vc_column_container vc_col-sm-8\"><div class=\"vc_column-inner\"><div class=\"wpb_wrapper\">\n\t<div  class=\"wpb_single_image wpb_content_element vc_align_left\">\n\t\t\n\t\t<figure class=\"wpb_wrapper vc_figure\">\n\t\t\t<div class=\"vc_single_image-wrapper   vc_box_border_grey\"><img loading=\"lazy\" decoding=\"async\" width=\"1000\" height=\"1498\" src=\"https:\/\/driftwood-cyprus.com\/wp-content\/uploads\/2025\/07\/driftwood-owners.jpg\" class=\"vc_single_image-img attachment-full\" alt=\"\" title=\"s\u00fcr\u00fcklenen odun sahipleri\" srcset=\"https:\/\/driftwood-cyprus.com\/wp-content\/uploads\/2025\/07\/driftwood-owners.jpg 1000w, https:\/\/driftwood-cyprus.com\/wp-content\/uploads\/2025\/07\/driftwood-owners-200x300.jpg 200w, https:\/\/driftwood-cyprus.com\/wp-content\/uploads\/2025\/07\/driftwood-owners-684x1024.jpg 684w, https:\/\/driftwood-cyprus.com\/wp-content\/uploads\/2025\/07\/driftwood-owners-768x1150.jpg 768w, https:\/\/driftwood-cyprus.com\/wp-content\/uploads\/2025\/07\/driftwood-owners-8x12.jpg 8w\" sizes=\"auto, (max-width: 1000px) 100vw, 1000px\"  data-dt-location=\"https:\/\/driftwood-cyprus.com\/tr\/temas-etmek\/driftwood-owners\/\" \/><\/div>\n\t\t<\/figure>\n\t<\/div>\n<\/div><\/div><\/div><\/div><div class=\"vc_row wpb_row vc_row-fluid vc_row-o-content-middle vc_row-flex\"><div class=\"wpb_column vc_column_container vc_col-sm-4\"><div class=\"vc_column-inner\"><div class=\"wpb_wrapper\">\n\t<div  class=\"wpb_single_image wpb_content_element vc_align_left\">\n\t\t\n\t\t<figure class=\"wpb_wrapper vc_figure\">\n\t\t\t<div class=\"vc_single_image-wrapper   vc_box_border_grey\"><img loading=\"lazy\" decoding=\"async\" width=\"1703\" height=\"2560\" src=\"https:\/\/driftwood-cyprus.com\/wp-content\/uploads\/2025\/07\/driftwood_mart_2023-146-scaled.jpg\" class=\"vc_single_image-img attachment-full\" alt=\"\" title=\"driftwood_mart_2023-146\" srcset=\"https:\/\/driftwood-cyprus.com\/wp-content\/uploads\/2025\/07\/driftwood_mart_2023-146-scaled.jpg 1703w, https:\/\/driftwood-cyprus.com\/wp-content\/uploads\/2025\/07\/driftwood_mart_2023-146-200x300.jpg 200w, https:\/\/driftwood-cyprus.com\/wp-content\/uploads\/2025\/07\/driftwood_mart_2023-146-681x1024.jpg 681w, https:\/\/driftwood-cyprus.com\/wp-content\/uploads\/2025\/07\/driftwood_mart_2023-146-768x1154.jpg 768w, https:\/\/driftwood-cyprus.com\/wp-content\/uploads\/2025\/07\/driftwood_mart_2023-146-1022x1536.jpg 1022w, https:\/\/driftwood-cyprus.com\/wp-content\/uploads\/2025\/07\/driftwood_mart_2023-146-1363x2048.jpg 1363w, https:\/\/driftwood-cyprus.com\/wp-content\/uploads\/2025\/07\/driftwood_mart_2023-146-8x12.jpg 8w\" sizes=\"auto, (max-width: 1703px) 100vw, 1703px\"  data-dt-location=\"https:\/\/driftwood-cyprus.com\/tr\/menu\/alakart\/driftwood_mart_2023-146\/\" \/><\/div>\n\t\t<\/figure>\n\t<\/div>\n<\/div><\/div><\/div><div class=\"wpb_column vc_column_container vc_col-sm-8\"><div class=\"vc_column-inner\"><div class=\"wpb_wrapper\">\n\t<div class=\"wpb_text_column wpb_content_element\" >\n\t\t<div class=\"wpb_wrapper\">\n\t\t\t<h3>Lapta&#039;n\u0131n en iyisini deneyimleyin<\/h3>\n<p>Kuzey K\u0131br\u0131s sahilinde, engebeli u\u00e7urumlar\u0131, da\u011fl\u0131k patikalar\u0131 ve alt\u0131n rengi g\u00fcn bat\u0131mlar\u0131yla \u00fcnl\u00fc b\u00fcy\u00fcleyici bir k\u00f6y olan Lapta sahilinde yer alan Driftwood, Be\u015fparmak Da\u011flar\u0131&#039;n\u0131n fonunda muhte\u015fem manzaray\u0131 \u00f6n s\u0131radan izlemenizi sa\u011fl\u0131yor. \u0130ster her zamanki gibi u\u011frayan bir yerli olun, ister Kuzey K\u0131br\u0131s&#039;\u0131 ilk kez ke\u015ffeden bir gezgin olun, kap\u0131lar\u0131m\u0131z her zaman a\u00e7\u0131k ve deniz sadece birka\u00e7 ad\u0131m \u00f6tede!<\/p>\n\n\t\t<\/div>\n\t<\/div>\n\n\t<div class=\"wpb_text_column wpb_content_element  vc_custom_1754422401544\" >\n\t\t<div class=\"wpb_wrapper\">\n\t\t\t<h4><span style=\"color: #808080;\"><em>&quot;\u0130skelede yemek yemeyi tercih ettik ve hayal k\u0131r\u0131kl\u0131\u011f\u0131na u\u011framad\u0131k. Ak\u015fam yeme\u011findeki g\u00fcn bat\u0131m\u0131 manzaras\u0131 harikayd\u0131. Yemekler harikayd\u0131 ve atmosfer m\u00fckemmeldi.&quot;<\/em><\/span><\/h4>\n<p>\u2b50\u2b50\u2b50\u2b50\u2b50 \u2013 TripAdvisor Yorumcusu<\/p>\n\n\t\t<\/div>\n\t<\/div>\n\n\t<div class=\"wpb_text_column wpb_content_element\" >\n\t\t<div class=\"wpb_wrapper\">\n\t\t\t<p>Yerel malzemeleri, yerel ve taze bal\u0131klar\u0131 gururla tedarik ediyor ve geleneksel lezzetlerin yan\u0131 s\u0131ra \u00e7a\u011fda\u015f lezzetler de sunuyoruz. Ev yap\u0131m\u0131 derken, ger\u00e7ekten ev yap\u0131m\u0131 diyoruz. Bridget her g\u00fcn nefis bir lezzet se\u00e7kisi pi\u015firiyor ve levrek, Akdeniz&#039;den esen r\u00fczgar kadar taze.<\/p>\n\n\t\t<\/div>\n\t<\/div>\n<\/div><\/div><\/div><\/div>\n<\/div>","protected":false},"excerpt":{"rendered":"<p>Modern Akdeniz, T\u00fcrk Gelenekleriyle Bulu\u015fuyor Driftwood, kendi evlerinin bir uzant\u0131s\u0131 gibi hissettiren bir restoran a\u00e7ma hayalini payla\u015fan (ama daha iyi ayd\u0131nlatma, deniz meltemi ve daha egzotik bir kokteyl men\u00fcs\u00fcyle!) Bridget ve Yusuf \u00e7ifti taraf\u0131ndan sevgiyle yarat\u0131ld\u0131. Aslen \u0130ngiltere&#039;den olan Bridget, ...<\/p>","protected":false},"author":1,"featured_media":0,"parent":0,"menu_order":0,"comment_status":"closed","ping_status":"closed","template":"","meta":{"footnotes":""},"class_list":["post-59","page","type-page","status-publish","hentry","description-off"],"yoast_head":"<!-- This site is optimized with the Yoast SEO plugin v25.6 - https:\/\/yoast.com\/wordpress\/plugins\/seo\/ -->\n<title>About Us - Driftwood Restaurant - Cyprus<\/title>\n<meta name=\"robots\" content=\"index, follow, max-snippet:-1, max-image-preview:large, max-video-preview:-1\" \/>\n<link rel=\"canonical\" href=\"https:\/\/driftwood-cyprus.com\/tr\/hakkinda\/\" \/>\n<meta property=\"og:locale\" content=\"tr_TR\" \/>\n<meta property=\"og:type\" content=\"article\" \/>\n<meta property=\"og:title\" content=\"About Us - Driftwood Restaurant - Cyprus\" \/>\n<meta property=\"og:url\" content=\"https:\/\/driftwood-cyprus.com\/tr\/hakkinda\/\" \/>\n<meta property=\"og:site_name\" content=\"Driftwood Restaurant - Cyprus\" \/>\n<meta property=\"article:publisher\" content=\"https:\/\/www.facebook.com\/DriftwoodRestaurantCyprus\/\" \/>\n<meta property=\"article:modified_time\" content=\"2025-08-05T19:34:39+00:00\" \/>\n<meta name=\"twitter:card\" content=\"summary_large_image\" \/>\n<meta name=\"twitter:label1\" content=\"Tahmini okuma s\u00fcresi\" \/>\n\t<meta name=\"twitter:data1\" content=\"3 dakika\" \/>\n<script type=\"application\/ld+json\" class=\"yoast-schema-graph\">{\"@context\":\"https:\/\/schema.org\",\"@graph\":[{\"@type\":\"WebPage\",\"@id\":\"https:\/\/driftwood-cyprus.com\/about\/\",\"url\":\"https:\/\/driftwood-cyprus.com\/about\/\",\"name\":\"About Us - Driftwood Restaurant - Cyprus\",\"isPartOf\":{\"@id\":\"https:\/\/driftwood-cyprus.com\/#website\"},\"datePublished\":\"2025-07-23T20:42:03+00:00\",\"dateModified\":\"2025-08-05T19:34:39+00:00\",\"breadcrumb\":{\"@id\":\"https:\/\/driftwood-cyprus.com\/about\/#breadcrumb\"},\"inLanguage\":\"tr\",\"potentialAction\":[{\"@type\":\"ReadAction\",\"target\":[\"https:\/\/driftwood-cyprus.com\/about\/\"]}]},{\"@type\":\"BreadcrumbList\",\"@id\":\"https:\/\/driftwood-cyprus.com\/about\/#breadcrumb\",\"itemListElement\":[{\"@type\":\"ListItem\",\"position\":1,\"name\":\"Home\",\"item\":\"https:\/\/driftwood-cyprus.com\/\"},{\"@type\":\"ListItem\",\"position\":2,\"name\":\"About Us\"}]},{\"@type\":\"WebSite\",\"@id\":\"https:\/\/driftwood-cyprus.com\/#website\",\"url\":\"https:\/\/driftwood-cyprus.com\/\",\"name\":\"Driftwood Restaurant - Cyprus\",\"description\":\"\",\"publisher\":{\"@id\":\"https:\/\/driftwood-cyprus.com\/#organization\"},\"potentialAction\":[{\"@type\":\"SearchAction\",\"target\":{\"@type\":\"EntryPoint\",\"urlTemplate\":\"https:\/\/driftwood-cyprus.com\/?s={search_term_string}\"},\"query-input\":{\"@type\":\"PropertyValueSpecification\",\"valueRequired\":true,\"valueName\":\"search_term_string\"}}],\"inLanguage\":\"tr\"},{\"@type\":\"Organization\",\"@id\":\"https:\/\/driftwood-cyprus.com\/#organization\",\"name\":\"Driftwood Restaurant - Cyprus\",\"url\":\"https:\/\/driftwood-cyprus.com\/\",\"logo\":{\"@type\":\"ImageObject\",\"inLanguage\":\"tr\",\"@id\":\"https:\/\/driftwood-cyprus.com\/#\/schema\/logo\/image\/\",\"url\":\"https:\/\/driftwood-cyprus.com\/wp-content\/uploads\/2025\/07\/Artboard-1500.png\",\"contentUrl\":\"https:\/\/driftwood-cyprus.com\/wp-content\/uploads\/2025\/07\/Artboard-1500.png\",\"width\":500,\"height\":208,\"caption\":\"Driftwood Restaurant - Cyprus\"},\"image\":{\"@id\":\"https:\/\/driftwood-cyprus.com\/#\/schema\/logo\/image\/\"},\"sameAs\":[\"https:\/\/www.facebook.com\/DriftwoodRestaurantCyprus\/\",\"https:\/\/www.instagram.com\/driftwood.cyprus\/\",\"https:\/\/www.tripadvisor.co.uk\/Restaurant_Review-g1438508-d23406655-Reviews-Driftwood_Restaurant_Bar_Beach-Lapta_Kyrenia_District.html\"]}]}<\/script>\n<!-- \/ Yoast SEO plugin. -->","yoast_head_json":{"title":"Hakk\u0131m\u0131zda - Driftwood Restaurant - K\u0131br\u0131s","robots":{"index":"index","follow":"follow","max-snippet":"max-snippet:-1","max-image-preview":"max-image-preview:large","max-video-preview":"max-video-preview:-1"},"canonical":"https:\/\/driftwood-cyprus.com\/tr\/hakkinda\/","og_locale":"tr_TR","og_type":"article","og_title":"About Us - Driftwood Restaurant - Cyprus","og_url":"https:\/\/driftwood-cyprus.com\/tr\/hakkinda\/","og_site_name":"Driftwood Restaurant - Cyprus","article_publisher":"https:\/\/www.facebook.com\/DriftwoodRestaurantCyprus\/","article_modified_time":"2025-08-05T19:34:39+00:00","twitter_card":"summary_large_image","twitter_misc":{"Tahmini okuma s\u00fcresi":"3 dakika"},"schema":{"@context":"https:\/\/schema.org","@graph":[{"@type":"WebPage","@id":"https:\/\/driftwood-cyprus.com\/about\/","url":"https:\/\/driftwood-cyprus.com\/about\/","name":"Hakk\u0131m\u0131zda - Driftwood Restaurant - K\u0131br\u0131s","isPartOf":{"@id":"https:\/\/driftwood-cyprus.com\/#website"},"datePublished":"2025-07-23T20:42:03+00:00","dateModified":"2025-08-05T19:34:39+00:00","breadcrumb":{"@id":"https:\/\/driftwood-cyprus.com\/about\/#breadcrumb"},"inLanguage":"tr","potentialAction":[{"@type":"ReadAction","target":["https:\/\/driftwood-cyprus.com\/about\/"]}]},{"@type":"BreadcrumbList","@id":"https:\/\/driftwood-cyprus.com\/about\/#breadcrumb","itemListElement":[{"@type":"ListItem","position":1,"name":"Home","item":"https:\/\/driftwood-cyprus.com\/"},{"@type":"ListItem","position":2,"name":"About Us"}]},{"@type":"WebSite","@id":"https:\/\/driftwood-cyprus.com\/#website","url":"https:\/\/driftwood-cyprus.com\/","name":"Driftwood Restoran\u0131 - K\u0131br\u0131s","description":"","publisher":{"@id":"https:\/\/driftwood-cyprus.com\/#organization"},"potentialAction":[{"@type":"SearchAction","target":{"@type":"EntryPoint","urlTemplate":"https:\/\/driftwood-cyprus.com\/?s={search_term_string}"},"query-input":{"@type":"PropertyValueSpecification","valueRequired":true,"valueName":"search_term_string"}}],"inLanguage":"tr"},{"@type":"Organization","@id":"https:\/\/driftwood-cyprus.com\/#organization","name":"Driftwood Restoran\u0131 - K\u0131br\u0131s","url":"https:\/\/driftwood-cyprus.com\/","logo":{"@type":"ImageObject","inLanguage":"tr","@id":"https:\/\/driftwood-cyprus.com\/#\/schema\/logo\/image\/","url":"https:\/\/driftwood-cyprus.com\/wp-content\/uploads\/2025\/07\/Artboard-1500.png","contentUrl":"https:\/\/driftwood-cyprus.com\/wp-content\/uploads\/2025\/07\/Artboard-1500.png","width":500,"height":208,"caption":"Driftwood Restaurant - Cyprus"},"image":{"@id":"https:\/\/driftwood-cyprus.com\/#\/schema\/logo\/image\/"},"sameAs":["https:\/\/www.facebook.com\/DriftwoodRestaurantCyprus\/","https:\/\/www.instagram.com\/driftwood.cyprus\/","https:\/\/www.tripadvisor.co.uk\/Restaurant_Review-g1438508-d23406655-Reviews-Driftwood_Restaurant_Bar_Beach-Lapta_Kyrenia_District.html"]}]}},"_links":{"self":[{"href":"https:\/\/driftwood-cyprus.com\/tr\/wp-json\/wp\/v2\/pages\/59","targetHints":{"allow":["GET"]}}],"collection":[{"href":"https:\/\/driftwood-cyprus.com\/tr\/wp-json\/wp\/v2\/pages"}],"about":[{"href":"https:\/\/driftwood-cyprus.com\/tr\/wp-json\/wp\/v2\/types\/page"}],"author":[{"embeddable":true,"href":"https:\/\/driftwood-cyprus.com\/tr\/wp-json\/wp\/v2\/users\/1"}],"replies":[{"embeddable":true,"href":"https:\/\/driftwood-cyprus.com\/tr\/wp-json\/wp\/v2\/comments?post=59"}],"version-history":[{"count":0,"href":"https:\/\/driftwood-cyprus.com\/tr\/wp-json\/wp\/v2\/pages\/59\/revisions"}],"wp:attachment":[{"href":"https:\/\/driftwood-cyprus.com\/tr\/wp-json\/wp\/v2\/media?parent=59"}],"curies":[{"name":"wp","href":"https:\/\/api.w.org\/{rel}","templated":true}]}}