{"id":63,"date":"2025-07-23T20:42:46","date_gmt":"2025-07-23T20:42:46","guid":{"rendered":"https:\/\/driftwood-cyprus.com\/?page_id=63"},"modified":"2025-08-05T17:30:18","modified_gmt":"2025-08-05T17:30:18","slug":"menu","status":"publish","type":"page","link":"https:\/\/driftwood-cyprus.com\/tr\/menu\/","title":{"rendered":"Men\u00fcm\u00fcz"},"content":{"rendered":"<div class=\"wpb-content-wrapper\"><div class=\"vc_row wpb_row vc_row-fluid vc_custom_1753392386084 vc_column-gap-20 vc_row-o-equal-height vc_row-flex\"><div class=\"wpb_column vc_column_container vc_col-sm-4\"><div class=\"vc_column-inner\"><div class=\"wpb_wrapper\"><div class=\"vc_row wpb_row vc_inner vc_row-fluid vc_custom_1753387875823 vc_row-has-fill\"><div class=\"wpb_column vc_column_container vc_col-sm-12\"><div class=\"vc_column-inner\"><div class=\"wpb_wrapper\">\n\t<div class=\"wpb_text_column wpb_content_element  vc_custom_1753388401871\" >\n\t\t<div class=\"wpb_wrapper\">\n\t\t\t<h3 style=\"text-align: center;\"><span style=\"color: #ffffff;\">Kahvalt\u0131 Men\u00fcs\u00fc<\/span><\/h3>\n<p style=\"text-align: center;\"><span style=\"color: #ffffff;\"><strong>08.30 - 13.30<\/strong><\/span><\/p>\n\n\t\t<\/div>\n\t<\/div>\n<div class=\"vc_btn3-container vc_btn3-center\" ><a class=\"vc_general vc_btn3 vc_btn3-size-md vc_btn3-shape-rounded vc_btn3-style-flat vc_btn3-block vc_btn3-color-white\" href=\"https:\/\/driftwood-cyprus.com\/tr\/menu\/kahvalti\/\" title=\"Men\u00fcy\u00fc G\u00f6r\">MEN\u00dcY\u00dc G\u00d6R\u00dcNT\u00dcLE<\/a><\/div><\/div><\/div><\/div><\/div><\/div><\/div><\/div><div class=\"wpb_column vc_column_container vc_col-sm-4\"><div class=\"vc_column-inner\"><div class=\"wpb_wrapper\"><div class=\"vc_row wpb_row vc_inner vc_row-fluid vc_custom_1753387994030 vc_row-has-fill\"><div class=\"wpb_column vc_column_container vc_col-sm-12\"><div class=\"vc_column-inner\"><div class=\"wpb_wrapper\">\n\t<div class=\"wpb_text_column wpb_content_element  vc_custom_1753388373672\" >\n\t\t<div class=\"wpb_wrapper\">\n\t\t\t<h3 style=\"text-align: center;\"><span style=\"color: #ffffff;\">\u00d6\u011fle Yeme\u011fi Men\u00fcs\u00fc<\/span><\/h3>\n<p style=\"text-align: center;\"><span style=\"color: #ffffff;\"><strong>12.00 - 18.00<\/strong><\/span><\/p>\n\n\t\t<\/div>\n\t<\/div>\n<div class=\"vc_btn3-container vc_btn3-center\" ><a class=\"vc_general vc_btn3 vc_btn3-size-md vc_btn3-shape-rounded vc_btn3-style-flat vc_btn3-block vc_btn3-color-white\" href=\"https:\/\/driftwood-cyprus.com\/tr\/menu\/ogle-yemegi\/\" title=\"Men\u00fcy\u00fc G\u00f6r\">MEN\u00dcY\u00dc G\u00d6R\u00dcNT\u00dcLE<\/a><\/div><\/div><\/div><\/div><\/div><\/div><\/div><\/div><div class=\"wpb_column vc_column_container vc_col-sm-4\"><div class=\"vc_column-inner\"><div class=\"wpb_wrapper\"><div class=\"vc_row wpb_row vc_inner vc_row-fluid vc_custom_1753388308851 vc_row-has-fill\"><div class=\"wpb_column vc_column_container vc_col-sm-12\"><div class=\"vc_column-inner\"><div class=\"wpb_wrapper\">\n\t<div class=\"wpb_text_column wpb_content_element  vc_custom_1753388407212\" >\n\t\t<div class=\"wpb_wrapper\">\n\t\t\t<h3 style=\"text-align: center;\"><span style=\"color: #ffffff;\">Alakart Men\u00fc<\/span><\/h3>\n<p style=\"text-align: center;\"><span style=\"color: #ffffff;\"><strong>11:00 - 22:30<\/strong><\/span><\/p>\n\n\t\t<\/div>\n\t<\/div>\n<div class=\"vc_btn3-container vc_btn3-center\" ><a class=\"vc_general vc_btn3 vc_btn3-size-md vc_btn3-shape-rounded vc_btn3-style-flat vc_btn3-block vc_btn3-color-white\" href=\"https:\/\/driftwood-cyprus.com\/tr\/menu\/alakart\/\" title=\"Men\u00fcy\u00fc G\u00f6r\">MEN\u00dcY\u00dc G\u00d6R\u00dcNT\u00dcLE<\/a><\/div><\/div><\/div><\/div><\/div><\/div><\/div><\/div><\/div><div class=\"vc_row wpb_row vc_row-fluid vc_custom_1753392455762 vc_row-o-content-middle vc_row-flex\"><div class=\"wpb_column vc_column_container vc_col-sm-8\"><div class=\"vc_column-inner\"><div class=\"wpb_wrapper\">\n\t<div class=\"wpb_text_column wpb_content_element\" >\n\t\t<div class=\"wpb_wrapper\">\n\t\t\t<h3>Muhte\u015fem Kahvalt\u0131, Zengin \u00d6\u011fle Yeme\u011fi ve Lezzetli Ak\u015fam Yeme\u011fi<\/h3>\n<p>Her damak tad\u0131na uygun, zengin yemek se\u00e7eneklerinin tad\u0131n\u0131 \u00e7\u0131kar\u0131n.<\/p>\n<p>Nefis \u0131zgara levrek ve sar\u0131msakl\u0131 karideslerden doyurucu bifteklere ve vejetaryen lezzetlere kadar, \u00fcr\u00fcnlerimiz her damak tad\u0131na uygundur. Her g\u00fcn taze bal\u0131k mevcuttur.<\/p>\n<p>Her \u00f6\u011f\u00fcn, lezzetli bir ba\u015flang\u0131\u00e7 yapman\u0131z\u0131 sa\u011flayacak \u00e7e\u015fitli garnit\u00fcrler ve \u00f6zel kar\u015f\u0131lama mezelerimizle tamamlanmaktad\u0131r.<\/p>\n<p>Geni\u015f alkoll\u00fc ve alkols\u00fcz i\u00e7ecek se\u00e7enekleriyle yeme\u011finizin tad\u0131n\u0131 \u00e7\u0131kar\u0131n. Can\u0131n\u0131z ne zaman ve nerede isterse i\u00e7eride veya d\u0131\u015far\u0131da, istedi\u011finiz zaman oturabilirsiniz.<\/p>\n\n\t\t<\/div>\n\t<\/div>\n<\/div><\/div><\/div><div class=\"wpb_column vc_column_container vc_col-sm-4 vc_col-has-fill\"><div class=\"vc_column-inner vc_custom_1753386963031\"><div class=\"wpb_wrapper\">\n\t<div class=\"wpb_text_column wpb_content_element\" >\n\t\t<div class=\"wpb_wrapper\">\n\t\t\t<p><strong>Kahvalt\u0131 Servisi<\/strong> 08.30 - 13.30<\/p>\n<p><strong>\u00d6\u011fle Yeme\u011fi ve Plaj Servisi<\/strong> 12.00 - 18.00<\/p>\n<p><strong>A La Carte Servis<\/strong> 11.00 - 22.30<\/p>\n\n\t\t<\/div>\n\t<\/div>\n<\/div><\/div><\/div><\/div><div class=\"vc_row wpb_row vc_row-fluid vc_custom_1753392430710 vc_row-has-fill\"><div class=\"wpb_column vc_column_container vc_col-sm-2\"><div class=\"vc_column-inner\"><div class=\"wpb_wrapper\"><div class=\"vc_icon_element vc_icon_element-outer vc_do_icon vc_icon_element-align-center\"><div class=\"vc_icon_element-inner vc_icon_element-color-white vc_icon_element-size-xl vc_icon_element-style- vc_icon_element-background-color-grey\" ><span class=\"vc_icon_element-icon fa fa-brands fa-whatsapp\" ><\/span><\/div><\/div><\/div><\/div><\/div><div class=\"wpb_column vc_column_container vc_col-sm-6\"><div class=\"vc_column-inner\"><div class=\"wpb_wrapper\">\n\t<div class=\"wpb_text_column wpb_content_element\" >\n\t\t<div class=\"wpb_wrapper\">\n\t\t\t<p><span style=\"color: #ffffff;\"><strong>Rezervasyon yapt\u0131rman\u0131z tavsiye edilir<\/strong> Yo\u011fun zamanlarda. Sadece <strong>bizi aray\u0131n<\/strong>veya bize bir mesaj g\u00f6nderin <strong>WhatsApp&#039;ta mesaj<\/strong>.<\/span><\/p>\n\n\t\t<\/div>\n\t<\/div>\n<\/div><\/div><\/div><div class=\"wpb_column vc_column_container vc_col-sm-4\"><div class=\"vc_column-inner\"><div class=\"wpb_wrapper\"><div class=\"vc_btn3-container vc_btn3-center vc_custom_1753389043140\" ><a class=\"vc_general vc_btn3 vc_btn3-size-lg vc_btn3-shape-rounded vc_btn3-style-outline vc_btn3-block vc_btn3-color-white\" href=\"https:\/\/driftwood-cyprus.com\/tr\/temas-etmek\/\" title=\"Men\u00fcy\u00fc G\u00f6r\">Masa Rezervasyonu Yap\u0131n<\/a><\/div><\/div><\/div><\/div><\/div>\n<\/div>","protected":false},"excerpt":{"rendered":"<p>Kahvalt\u0131 Men\u00fcs\u00fc 08:30 - 13:30 MEN\u00dcYE BAKIN \u00d6\u011fle Yeme\u011fi Men\u00fcs\u00fc 00:00 - 18:00 MEN\u00dcYE BAKIN Alakart Men\u00fc 11:00 - 22:30 MEN\u00dcYE BAKIN Muhte\u015fem Kahvalt\u0131, Zengin \u00d6\u011fle Yeme\u011fi ve Leziz Ak\u015fam Yeme\u011fi Her damak tad\u0131na uygun, zengin bir men\u00fcden olu\u015fan yemeklerin tad\u0131n\u0131 \u00e7\u0131kar\u0131n. Leziz \u0131zgara levrek ve sar\u0131msakl\u0131 karidesten doyurucu bifteklere ve vejetaryen se\u00e7eneklere kadar\u2026<\/p>","protected":false},"author":1,"featured_media":0,"parent":0,"menu_order":0,"comment_status":"closed","ping_status":"closed","template":"","meta":{"footnotes":""},"class_list":["post-63","page","type-page","status-publish","hentry","description-off"],"yoast_head":"<!-- This site is optimized with the Yoast SEO plugin v25.6 - https:\/\/yoast.com\/wordpress\/plugins\/seo\/ -->\n<title>Our Menu - Driftwood Restaurant - Cyprus<\/title>\n<meta name=\"robots\" content=\"index, follow, max-snippet:-1, max-image-preview:large, max-video-preview:-1\" \/>\n<link rel=\"canonical\" href=\"https:\/\/driftwood-cyprus.com\/tr\/menu\/\" \/>\n<meta property=\"og:locale\" content=\"tr_TR\" \/>\n<meta property=\"og:type\" content=\"article\" \/>\n<meta property=\"og:title\" content=\"Our Menu - Driftwood Restaurant - Cyprus\" \/>\n<meta property=\"og:url\" content=\"https:\/\/driftwood-cyprus.com\/tr\/menu\/\" \/>\n<meta property=\"og:site_name\" content=\"Driftwood Restaurant - Cyprus\" \/>\n<meta property=\"article:publisher\" content=\"https:\/\/www.facebook.com\/DriftwoodRestaurantCyprus\/\" \/>\n<meta property=\"article:modified_time\" content=\"2025-08-05T17:30:18+00:00\" \/>\n<meta name=\"twitter:card\" content=\"summary_large_image\" \/>\n<meta name=\"twitter:label1\" content=\"Tahmini okuma s\u00fcresi\" \/>\n\t<meta name=\"twitter:data1\" content=\"2 dakika\" \/>\n<script type=\"application\/ld+json\" class=\"yoast-schema-graph\">{\"@context\":\"https:\/\/schema.org\",\"@graph\":[{\"@type\":\"WebPage\",\"@id\":\"https:\/\/driftwood-cyprus.com\/menu\/\",\"url\":\"https:\/\/driftwood-cyprus.com\/menu\/\",\"name\":\"Our Menu - Driftwood Restaurant - Cyprus\",\"isPartOf\":{\"@id\":\"https:\/\/driftwood-cyprus.com\/#website\"},\"datePublished\":\"2025-07-23T20:42:46+00:00\",\"dateModified\":\"2025-08-05T17:30:18+00:00\",\"breadcrumb\":{\"@id\":\"https:\/\/driftwood-cyprus.com\/menu\/#breadcrumb\"},\"inLanguage\":\"tr\",\"potentialAction\":[{\"@type\":\"ReadAction\",\"target\":[\"https:\/\/driftwood-cyprus.com\/menu\/\"]}]},{\"@type\":\"BreadcrumbList\",\"@id\":\"https:\/\/driftwood-cyprus.com\/menu\/#breadcrumb\",\"itemListElement\":[{\"@type\":\"ListItem\",\"position\":1,\"name\":\"Home\",\"item\":\"https:\/\/driftwood-cyprus.com\/\"},{\"@type\":\"ListItem\",\"position\":2,\"name\":\"Our Menu\"}]},{\"@type\":\"WebSite\",\"@id\":\"https:\/\/driftwood-cyprus.com\/#website\",\"url\":\"https:\/\/driftwood-cyprus.com\/\",\"name\":\"Driftwood Restaurant - Cyprus\",\"description\":\"\",\"publisher\":{\"@id\":\"https:\/\/driftwood-cyprus.com\/#organization\"},\"potentialAction\":[{\"@type\":\"SearchAction\",\"target\":{\"@type\":\"EntryPoint\",\"urlTemplate\":\"https:\/\/driftwood-cyprus.com\/?s={search_term_string}\"},\"query-input\":{\"@type\":\"PropertyValueSpecification\",\"valueRequired\":true,\"valueName\":\"search_term_string\"}}],\"inLanguage\":\"tr\"},{\"@type\":\"Organization\",\"@id\":\"https:\/\/driftwood-cyprus.com\/#organization\",\"name\":\"Driftwood Restaurant - Cyprus\",\"url\":\"https:\/\/driftwood-cyprus.com\/\",\"logo\":{\"@type\":\"ImageObject\",\"inLanguage\":\"tr\",\"@id\":\"https:\/\/driftwood-cyprus.com\/#\/schema\/logo\/image\/\",\"url\":\"https:\/\/driftwood-cyprus.com\/wp-content\/uploads\/2025\/07\/Artboard-1500.png\",\"contentUrl\":\"https:\/\/driftwood-cyprus.com\/wp-content\/uploads\/2025\/07\/Artboard-1500.png\",\"width\":500,\"height\":208,\"caption\":\"Driftwood Restaurant - Cyprus\"},\"image\":{\"@id\":\"https:\/\/driftwood-cyprus.com\/#\/schema\/logo\/image\/\"},\"sameAs\":[\"https:\/\/www.facebook.com\/DriftwoodRestaurantCyprus\/\",\"https:\/\/www.instagram.com\/driftwood.cyprus\/\",\"https:\/\/www.tripadvisor.co.uk\/Restaurant_Review-g1438508-d23406655-Reviews-Driftwood_Restaurant_Bar_Beach-Lapta_Kyrenia_District.html\"]}]}<\/script>\n<!-- \/ Yoast SEO plugin. -->","yoast_head_json":{"title":"Men\u00fcm\u00fcz - Driftwood Restaurant - K\u0131br\u0131s","robots":{"index":"index","follow":"follow","max-snippet":"max-snippet:-1","max-image-preview":"max-image-preview:large","max-video-preview":"max-video-preview:-1"},"canonical":"https:\/\/driftwood-cyprus.com\/tr\/menu\/","og_locale":"tr_TR","og_type":"article","og_title":"Our Menu - Driftwood Restaurant - Cyprus","og_url":"https:\/\/driftwood-cyprus.com\/tr\/menu\/","og_site_name":"Driftwood Restaurant - Cyprus","article_publisher":"https:\/\/www.facebook.com\/DriftwoodRestaurantCyprus\/","article_modified_time":"2025-08-05T17:30:18+00:00","twitter_card":"summary_large_image","twitter_misc":{"Tahmini okuma s\u00fcresi":"2 dakika"},"schema":{"@context":"https:\/\/schema.org","@graph":[{"@type":"WebPage","@id":"https:\/\/driftwood-cyprus.com\/menu\/","url":"https:\/\/driftwood-cyprus.com\/menu\/","name":"Men\u00fcm\u00fcz - Driftwood Restaurant - K\u0131br\u0131s","isPartOf":{"@id":"https:\/\/driftwood-cyprus.com\/#website"},"datePublished":"2025-07-23T20:42:46+00:00","dateModified":"2025-08-05T17:30:18+00:00","breadcrumb":{"@id":"https:\/\/driftwood-cyprus.com\/menu\/#breadcrumb"},"inLanguage":"tr","potentialAction":[{"@type":"ReadAction","target":["https:\/\/driftwood-cyprus.com\/menu\/"]}]},{"@type":"BreadcrumbList","@id":"https:\/\/driftwood-cyprus.com\/menu\/#breadcrumb","itemListElement":[{"@type":"ListItem","position":1,"name":"Home","item":"https:\/\/driftwood-cyprus.com\/"},{"@type":"ListItem","position":2,"name":"Our Menu"}]},{"@type":"WebSite","@id":"https:\/\/driftwood-cyprus.com\/#website","url":"https:\/\/driftwood-cyprus.com\/","name":"Driftwood Restoran\u0131 - K\u0131br\u0131s","description":"","publisher":{"@id":"https:\/\/driftwood-cyprus.com\/#organization"},"potentialAction":[{"@type":"SearchAction","target":{"@type":"EntryPoint","urlTemplate":"https:\/\/driftwood-cyprus.com\/?s={search_term_string}"},"query-input":{"@type":"PropertyValueSpecification","valueRequired":true,"valueName":"search_term_string"}}],"inLanguage":"tr"},{"@type":"Organization","@id":"https:\/\/driftwood-cyprus.com\/#organization","name":"Driftwood Restoran\u0131 - K\u0131br\u0131s","url":"https:\/\/driftwood-cyprus.com\/","logo":{"@type":"ImageObject","inLanguage":"tr","@id":"https:\/\/driftwood-cyprus.com\/#\/schema\/logo\/image\/","url":"https:\/\/driftwood-cyprus.com\/wp-content\/uploads\/2025\/07\/Artboard-1500.png","contentUrl":"https:\/\/driftwood-cyprus.com\/wp-content\/uploads\/2025\/07\/Artboard-1500.png","width":500,"height":208,"caption":"Driftwood Restaurant - Cyprus"},"image":{"@id":"https:\/\/driftwood-cyprus.com\/#\/schema\/logo\/image\/"},"sameAs":["https:\/\/www.facebook.com\/DriftwoodRestaurantCyprus\/","https:\/\/www.instagram.com\/driftwood.cyprus\/","https:\/\/www.tripadvisor.co.uk\/Restaurant_Review-g1438508-d23406655-Reviews-Driftwood_Restaurant_Bar_Beach-Lapta_Kyrenia_District.html"]}]}},"_links":{"self":[{"href":"https:\/\/driftwood-cyprus.com\/tr\/wp-json\/wp\/v2\/pages\/63","targetHints":{"allow":["GET"]}}],"collection":[{"href":"https:\/\/driftwood-cyprus.com\/tr\/wp-json\/wp\/v2\/pages"}],"about":[{"href":"https:\/\/driftwood-cyprus.com\/tr\/wp-json\/wp\/v2\/types\/page"}],"author":[{"embeddable":true,"href":"https:\/\/driftwood-cyprus.com\/tr\/wp-json\/wp\/v2\/users\/1"}],"replies":[{"embeddable":true,"href":"https:\/\/driftwood-cyprus.com\/tr\/wp-json\/wp\/v2\/comments?post=63"}],"version-history":[{"count":0,"href":"https:\/\/driftwood-cyprus.com\/tr\/wp-json\/wp\/v2\/pages\/63\/revisions"}],"wp:attachment":[{"href":"https:\/\/driftwood-cyprus.com\/tr\/wp-json\/wp\/v2\/media?parent=63"}],"curies":[{"name":"wp","href":"https:\/\/api.w.org\/{rel}","templated":true}]}}