{"id":65,"date":"2025-07-23T20:47:29","date_gmt":"2025-07-23T20:47:29","guid":{"rendered":"https:\/\/driftwood-cyprus.com\/?page_id=65"},"modified":"2025-08-05T19:58:49","modified_gmt":"2025-08-05T19:58:49","slug":"temas-etmek","status":"publish","type":"page","link":"https:\/\/driftwood-cyprus.com\/tr\/temas-etmek\/","title":{"rendered":"Bize Ula\u015f\u0131n"},"content":{"rendered":"<div class=\"wpb-content-wrapper\"><div class=\"vc_row wpb_row vc_row-fluid\"><div class=\"wpb_column vc_column_container vc_col-sm-6\"><div class=\"vc_column-inner\"><div class=\"wpb_wrapper\"><div class=\"vc_row wpb_row vc_inner vc_row-fluid vc_column-gap-20 vc_row-o-equal-height vc_row-o-content-middle vc_row-flex\"><div class=\"wpb_column vc_column_container vc_col-sm-6 vc_col-has-fill\"><div class=\"vc_column-inner vc_custom_1753461200610\"><div class=\"wpb_wrapper\"><div class=\"vc_icon_element vc_icon_element-outer vc_do_icon vc_icon_element-align-center\"><div class=\"vc_icon_element-inner vc_icon_element-color-white vc_icon_element-size-xl vc_icon_element-style- vc_icon_element-background-color-grey\" ><span class=\"vc_icon_element-icon fa fa-brands fa-whatsapp\" ><\/span><\/div><\/div>\n\t<div class=\"wpb_text_column wpb_content_element\" >\n\t\t<div class=\"wpb_wrapper\">\n\t\t\t<h3><span style=\"color: #ffffff;\"><a style=\"color: #ffffff;\" href=\"tel:+905338871942\">+90 533 887 19 42<\/a><\/span><\/h3>\n\n\t\t<\/div>\n\t<\/div>\n<div class=\"vc_btn3-container vc_btn3-center vc_custom_1753461098168\" ><a class=\"vc_general vc_btn3 vc_btn3-size-lg vc_btn3-shape-rounded vc_btn3-style-outline vc_btn3-block vc_btn3-color-white\" href=\"https:\/\/api.whatsapp.com\/send\/?phone=905338871942&#038;text&#038;type=phone_number&#038;app_absent=0\" title=\"Whatsapp\" target=\"_blank\">Whatsapp<\/a><\/div><\/div><\/div><\/div><div class=\"wpb_column vc_column_container vc_col-sm-6 vc_col-has-fill\"><div class=\"vc_column-inner vc_custom_1754413956336\"><div class=\"wpb_wrapper\"><div class=\"vc_icon_element vc_icon_element-outer vc_do_icon vc_icon_element-align-center\"><div class=\"vc_icon_element-inner vc_icon_element-color-custom vc_icon_element-size-xl vc_icon_element-style- vc_icon_element-background-color-grey\" ><span class=\"vc_icon_element-icon fa fa-solid fa-phone-volume\" style=\"color:#2C938F !important\"><\/span><\/div><\/div>\n\t<div class=\"wpb_text_column wpb_content_element\" >\n\t\t<div class=\"wpb_wrapper\">\n\t\t\t<h3><a href=\"tel:+905338871942\">+90 533 887 19 42<\/a><\/h3>\n\n\t\t<\/div>\n\t<\/div>\n<div class=\"vc_btn3-container vc_btn3-center vc_custom_1753475108938\" ><a class=\"vc_general vc_btn3 vc_btn3-size-lg vc_btn3-shape-rounded vc_btn3-style-outline vc_btn3-block vc_btn3-color-black\" href=\"tel:+905338871942\" title=\"Telefon\" target=\"_blank\">Telefon<\/a><\/div><\/div><\/div><\/div><\/div><\/div><\/div><\/div><div class=\"wpb_column vc_column_container vc_col-sm-6\"><div class=\"vc_column-inner\"><div class=\"wpb_wrapper\"><div class=\"vc_row wpb_row vc_inner vc_row-fluid vc_row-o-equal-height vc_row-o-content-middle vc_row-flex\"><div class=\"wpb_column vc_column_container vc_col-sm-12 vc_col-has-fill\"><div class=\"vc_column-inner vc_custom_1754413543861\"><div class=\"wpb_wrapper\">\n\t<div class=\"wpb_text_column wpb_content_element\" >\n\t\t<div class=\"wpb_wrapper\">\n\t\t\t<h3>Rezervasyonlar<\/h3>\n<p>Ziyaretiniz i\u00e7in rezervasyon yapt\u0131rmak \u00fczere l\u00fctfen bizi aray\u0131n veya mesaj g\u00f6nderin. Sizi a\u011f\u0131rlamaktan mutluluk duyaca\u011f\u0131z!<\/p>\n<p>Ak\u015fam saatleri ve d\u0131\u015f g\u00fcverte i\u00e7in rezervasyon yapt\u0131rman\u0131z \u015fiddetle tavsiye edilir. \u0130lk gelen al\u0131r esas\u0131na g\u00f6re \u00e7al\u0131\u015f\u0131yoruz ve pop\u00fcler masalar\u0131n her zaman m\u00fcsait olaca\u011f\u0131n\u0131 garanti edemiyoruz.<\/p>\n\n\t\t<\/div>\n\t<\/div>\n<\/div><\/div><\/div><\/div><\/div><\/div><\/div><\/div><div class=\"vc_row wpb_row vc_row-fluid vc_row-o-equal-height vc_row-o-content-middle vc_row-flex\"><div class=\"wpb_column vc_column_container vc_col-sm-6\"><div class=\"vc_column-inner\"><div class=\"wpb_wrapper\">\n\t<div class=\"wpb_raw_code wpb_raw_html wpb_content_element\" >\n\t\t<div class=\"wpb_wrapper\">\n\t\t\t<iframe src=\"https:\/\/www.google.com\/maps\/embed?pb=!1m18!1m12!1m3!1d2364.3479143490117!2d33.168803437495775!3d35.35107866614262!2m3!1f0!2f0!3f0!3m2!1i1024!2i768!4f13.1!3m3!1m2!1s0x14de0dde047ce93f%3A0xcf2e7bd02e247964!2sDriftwood%20-%20Restaurant%2C%20Bar%20%26%20Beach!5e1!3m2!1sen!2suk!4v1753460039704!5m2!1sen!2suk\" width=\"800\" height=\"600\" style=\"border:0;\" allowfullscreen=\"\" loading=\"lazy\" referrerpolicy=\"no-referrer-when-downgrade\"><\/iframe>\n\t\t<\/div>\n\t<\/div>\n<\/div><\/div><\/div><div class=\"wpb_column vc_column_container vc_col-sm-6\"><div class=\"vc_column-inner vc_custom_1754414896229\"><div class=\"wpb_wrapper\">\n\t<div class=\"wpb_text_column wpb_content_element\" >\n\t\t<div class=\"wpb_wrapper\">\n\t\t\t<h3>Bizi Bulun<\/h3>\n<p>Ana sahil yolu olan &quot;Lapta Strip&quot; \u00fczerindeyiz. Okyanus k\u0131y\u0131s\u0131ndaki ikonik siyah beyaz Driftwood tabelas\u0131n\u0131 aray\u0131n.<\/p>\n<p>Restoran\u0131n \u00f6n\u00fcnde ve yolun kar\u015f\u0131 taraf\u0131nda otopark\u0131m\u0131z mevcuttur.<\/p>\n<p>Restoran tekerlekli sandalye eri\u015fimine uygundur, engelli otopark\u0131 ve ak\u015famlar\u0131 veya talep \u00fczerine vale park hizmeti mevcuttur.<\/p>\n\n\t\t<\/div>\n\t<\/div>\n<div class=\"vc_btn3-container vc_btn3-center vc_custom_1754414618902\" ><a class=\"vc_general vc_btn3 vc_btn3-size-lg vc_btn3-shape-rounded vc_btn3-style-outline vc_btn3-block vc_btn3-color-black\" href=\"https:\/\/maps.app.goo.gl\/C4md95JK3CZ8hLAH7\" title=\"Google Haritalar\" target=\"_blank\">Google Haritalar Yol Tarifi<\/a><\/div>\n\t<div  class=\"wpb_single_image wpb_content_element vc_align_center\">\n\t\t\n\t\t<figure class=\"wpb_wrapper vc_figure\">\n\t\t\t<div class=\"vc_single_image-wrapper   vc_box_border_grey\"><img loading=\"lazy\" decoding=\"async\" width=\"800\" height=\"534\" src=\"https:\/\/driftwood-cyprus.com\/wp-content\/uploads\/2025\/07\/driftwood-entrance.jpg\" class=\"vc_single_image-img attachment-full\" alt=\"\" title=\"s\u00fcr\u00fcklenen odun giri\u015fi\" srcset=\"https:\/\/driftwood-cyprus.com\/wp-content\/uploads\/2025\/07\/driftwood-entrance.jpg 800w, https:\/\/driftwood-cyprus.com\/wp-content\/uploads\/2025\/07\/driftwood-entrance-300x200.jpg 300w, https:\/\/driftwood-cyprus.com\/wp-content\/uploads\/2025\/07\/driftwood-entrance-768x513.jpg 768w, https:\/\/driftwood-cyprus.com\/wp-content\/uploads\/2025\/07\/driftwood-entrance-18x12.jpg 18w\" sizes=\"auto, (max-width: 800px) 100vw, 800px\"  data-dt-location=\"https:\/\/driftwood-cyprus.com\/tr\/temas-etmek\/driftwood-entrance\/\" \/><\/div>\n\t\t<\/figure>\n\t<\/div>\n<\/div><\/div><\/div><\/div>\n<\/div>","protected":false},"excerpt":{"rendered":"<p>+90 533 887 19 42 Whatsapp +90 533 887 19 42 Telefon Rezervasyon Ziyaretiniz i\u00e7in masa rezervasyonu yapt\u0131rmak \u00fczere l\u00fctfen bizi aray\u0131n veya mesaj g\u00f6nderin. Sizi a\u011f\u0131rlamay\u0131 d\u00f6rt g\u00f6zle bekliyoruz! Ak\u015fam saatleri ve d\u0131\u015f g\u00fcverte i\u00e7in rezervasyon yapt\u0131rman\u0131z \u015fiddetle tavsiye edilir. \u0130lk gelen ilk al\u0131r esas\u0131na g\u00f6re \u00e7al\u0131\u015f\u0131yoruz ve her zaman\u2026<\/p>","protected":false},"author":1,"featured_media":0,"parent":0,"menu_order":0,"comment_status":"closed","ping_status":"closed","template":"","meta":{"footnotes":""},"class_list":["post-65","page","type-page","status-publish","hentry","description-off"],"yoast_head":"<!-- This site is optimized with the Yoast SEO plugin v25.6 - https:\/\/yoast.com\/wordpress\/plugins\/seo\/ -->\n<title>Contact Us - Driftwood Restaurant - Cyprus<\/title>\n<meta name=\"robots\" content=\"index, follow, max-snippet:-1, max-image-preview:large, max-video-preview:-1\" \/>\n<link rel=\"canonical\" href=\"https:\/\/driftwood-cyprus.com\/tr\/temas-etmek\/\" \/>\n<meta property=\"og:locale\" content=\"tr_TR\" \/>\n<meta property=\"og:type\" content=\"article\" \/>\n<meta property=\"og:title\" content=\"Contact Us - Driftwood Restaurant - Cyprus\" \/>\n<meta property=\"og:url\" content=\"https:\/\/driftwood-cyprus.com\/tr\/temas-etmek\/\" \/>\n<meta property=\"og:site_name\" content=\"Driftwood Restaurant - Cyprus\" \/>\n<meta property=\"article:publisher\" content=\"https:\/\/www.facebook.com\/DriftwoodRestaurantCyprus\/\" \/>\n<meta property=\"article:modified_time\" content=\"2025-08-05T19:58:49+00:00\" \/>\n<meta name=\"twitter:card\" content=\"summary_large_image\" \/>\n<meta name=\"twitter:label1\" content=\"Tahmini okuma s\u00fcresi\" \/>\n\t<meta name=\"twitter:data1\" content=\"2 dakika\" \/>\n<script type=\"application\/ld+json\" class=\"yoast-schema-graph\">{\"@context\":\"https:\/\/schema.org\",\"@graph\":[{\"@type\":\"WebPage\",\"@id\":\"https:\/\/driftwood-cyprus.com\/contact\/\",\"url\":\"https:\/\/driftwood-cyprus.com\/contact\/\",\"name\":\"Contact Us - Driftwood Restaurant - Cyprus\",\"isPartOf\":{\"@id\":\"https:\/\/driftwood-cyprus.com\/#website\"},\"datePublished\":\"2025-07-23T20:47:29+00:00\",\"dateModified\":\"2025-08-05T19:58:49+00:00\",\"breadcrumb\":{\"@id\":\"https:\/\/driftwood-cyprus.com\/contact\/#breadcrumb\"},\"inLanguage\":\"tr\",\"potentialAction\":[{\"@type\":\"ReadAction\",\"target\":[\"https:\/\/driftwood-cyprus.com\/contact\/\"]}]},{\"@type\":\"BreadcrumbList\",\"@id\":\"https:\/\/driftwood-cyprus.com\/contact\/#breadcrumb\",\"itemListElement\":[{\"@type\":\"ListItem\",\"position\":1,\"name\":\"Home\",\"item\":\"https:\/\/driftwood-cyprus.com\/\"},{\"@type\":\"ListItem\",\"position\":2,\"name\":\"Contact Us\"}]},{\"@type\":\"WebSite\",\"@id\":\"https:\/\/driftwood-cyprus.com\/#website\",\"url\":\"https:\/\/driftwood-cyprus.com\/\",\"name\":\"Driftwood Restaurant - Cyprus\",\"description\":\"\",\"publisher\":{\"@id\":\"https:\/\/driftwood-cyprus.com\/#organization\"},\"potentialAction\":[{\"@type\":\"SearchAction\",\"target\":{\"@type\":\"EntryPoint\",\"urlTemplate\":\"https:\/\/driftwood-cyprus.com\/?s={search_term_string}\"},\"query-input\":{\"@type\":\"PropertyValueSpecification\",\"valueRequired\":true,\"valueName\":\"search_term_string\"}}],\"inLanguage\":\"tr\"},{\"@type\":\"Organization\",\"@id\":\"https:\/\/driftwood-cyprus.com\/#organization\",\"name\":\"Driftwood Restaurant - Cyprus\",\"url\":\"https:\/\/driftwood-cyprus.com\/\",\"logo\":{\"@type\":\"ImageObject\",\"inLanguage\":\"tr\",\"@id\":\"https:\/\/driftwood-cyprus.com\/#\/schema\/logo\/image\/\",\"url\":\"https:\/\/driftwood-cyprus.com\/wp-content\/uploads\/2025\/07\/Artboard-1500.png\",\"contentUrl\":\"https:\/\/driftwood-cyprus.com\/wp-content\/uploads\/2025\/07\/Artboard-1500.png\",\"width\":500,\"height\":208,\"caption\":\"Driftwood Restaurant - Cyprus\"},\"image\":{\"@id\":\"https:\/\/driftwood-cyprus.com\/#\/schema\/logo\/image\/\"},\"sameAs\":[\"https:\/\/www.facebook.com\/DriftwoodRestaurantCyprus\/\",\"https:\/\/www.instagram.com\/driftwood.cyprus\/\",\"https:\/\/www.tripadvisor.co.uk\/Restaurant_Review-g1438508-d23406655-Reviews-Driftwood_Restaurant_Bar_Beach-Lapta_Kyrenia_District.html\"]}]}<\/script>\n<!-- \/ Yoast SEO plugin. -->","yoast_head_json":{"title":"Bize Ula\u015f\u0131n - Driftwood Restaurant - K\u0131br\u0131s","robots":{"index":"index","follow":"follow","max-snippet":"max-snippet:-1","max-image-preview":"max-image-preview:large","max-video-preview":"max-video-preview:-1"},"canonical":"https:\/\/driftwood-cyprus.com\/tr\/temas-etmek\/","og_locale":"tr_TR","og_type":"article","og_title":"Contact Us - Driftwood Restaurant - Cyprus","og_url":"https:\/\/driftwood-cyprus.com\/tr\/temas-etmek\/","og_site_name":"Driftwood Restaurant - Cyprus","article_publisher":"https:\/\/www.facebook.com\/DriftwoodRestaurantCyprus\/","article_modified_time":"2025-08-05T19:58:49+00:00","twitter_card":"summary_large_image","twitter_misc":{"Tahmini okuma s\u00fcresi":"2 dakika"},"schema":{"@context":"https:\/\/schema.org","@graph":[{"@type":"WebPage","@id":"https:\/\/driftwood-cyprus.com\/contact\/","url":"https:\/\/driftwood-cyprus.com\/contact\/","name":"Bize Ula\u015f\u0131n - Driftwood Restaurant - K\u0131br\u0131s","isPartOf":{"@id":"https:\/\/driftwood-cyprus.com\/#website"},"datePublished":"2025-07-23T20:47:29+00:00","dateModified":"2025-08-05T19:58:49+00:00","breadcrumb":{"@id":"https:\/\/driftwood-cyprus.com\/contact\/#breadcrumb"},"inLanguage":"tr","potentialAction":[{"@type":"ReadAction","target":["https:\/\/driftwood-cyprus.com\/contact\/"]}]},{"@type":"BreadcrumbList","@id":"https:\/\/driftwood-cyprus.com\/contact\/#breadcrumb","itemListElement":[{"@type":"ListItem","position":1,"name":"Home","item":"https:\/\/driftwood-cyprus.com\/"},{"@type":"ListItem","position":2,"name":"Contact Us"}]},{"@type":"WebSite","@id":"https:\/\/driftwood-cyprus.com\/#website","url":"https:\/\/driftwood-cyprus.com\/","name":"Driftwood Restoran\u0131 - K\u0131br\u0131s","description":"","publisher":{"@id":"https:\/\/driftwood-cyprus.com\/#organization"},"potentialAction":[{"@type":"SearchAction","target":{"@type":"EntryPoint","urlTemplate":"https:\/\/driftwood-cyprus.com\/?s={search_term_string}"},"query-input":{"@type":"PropertyValueSpecification","valueRequired":true,"valueName":"search_term_string"}}],"inLanguage":"tr"},{"@type":"Organization","@id":"https:\/\/driftwood-cyprus.com\/#organization","name":"Driftwood Restoran\u0131 - K\u0131br\u0131s","url":"https:\/\/driftwood-cyprus.com\/","logo":{"@type":"ImageObject","inLanguage":"tr","@id":"https:\/\/driftwood-cyprus.com\/#\/schema\/logo\/image\/","url":"https:\/\/driftwood-cyprus.com\/wp-content\/uploads\/2025\/07\/Artboard-1500.png","contentUrl":"https:\/\/driftwood-cyprus.com\/wp-content\/uploads\/2025\/07\/Artboard-1500.png","width":500,"height":208,"caption":"Driftwood Restaurant - Cyprus"},"image":{"@id":"https:\/\/driftwood-cyprus.com\/#\/schema\/logo\/image\/"},"sameAs":["https:\/\/www.facebook.com\/DriftwoodRestaurantCyprus\/","https:\/\/www.instagram.com\/driftwood.cyprus\/","https:\/\/www.tripadvisor.co.uk\/Restaurant_Review-g1438508-d23406655-Reviews-Driftwood_Restaurant_Bar_Beach-Lapta_Kyrenia_District.html"]}]}},"_links":{"self":[{"href":"https:\/\/driftwood-cyprus.com\/tr\/wp-json\/wp\/v2\/pages\/65","targetHints":{"allow":["GET"]}}],"collection":[{"href":"https:\/\/driftwood-cyprus.com\/tr\/wp-json\/wp\/v2\/pages"}],"about":[{"href":"https:\/\/driftwood-cyprus.com\/tr\/wp-json\/wp\/v2\/types\/page"}],"author":[{"embeddable":true,"href":"https:\/\/driftwood-cyprus.com\/tr\/wp-json\/wp\/v2\/users\/1"}],"replies":[{"embeddable":true,"href":"https:\/\/driftwood-cyprus.com\/tr\/wp-json\/wp\/v2\/comments?post=65"}],"version-history":[{"count":0,"href":"https:\/\/driftwood-cyprus.com\/tr\/wp-json\/wp\/v2\/pages\/65\/revisions"}],"wp:attachment":[{"href":"https:\/\/driftwood-cyprus.com\/tr\/wp-json\/wp\/v2\/media?parent=65"}],"curies":[{"name":"wp","href":"https:\/\/api.w.org\/{rel}","templated":true}]}}